{"id":346928,"date":"2022-01-21T13:44:51","date_gmt":"2022-01-21T11:44:51","guid":{"rendered":"https:\/\/games.tactic.net\/tuote\/accessories-plough-blade\/"},"modified":"2023-10-20T15:24:13","modified_gmt":"2023-10-20T12:24:13","slug":"accessories-plough-blade","status":"publish","type":"product","link":"https:\/\/games.tactic.net\/da\/tuote\/accessories-plough-blade\/","title":{"rendered":"Bruder Plow blade accessories"},"content":{"rendered":"<p>Om vinteren, n\u00e5r sneen falder tykt, er der brug for kraftfuld hj\u00e6lp, s\u00e5 trafikken kan fungere. Den store sneplov kan \u00e6ndre p\u00e5 hele snelandskabet, hvilket b\u00f8rnene vil elske. Sneploven passer til alle Bruder lastbiler, og den kan justeres i vinkel og h\u00f8jde.<\/p>\n","protected":false},"excerpt":{"rendered":"<p>Om vinteren, n\u00e5r sneen falder tykt, er der brug for kraftfuld hj\u00e6lp, s\u00e5 trafikken kan fungere. Den store sneplov kan \u00e6ndre p\u00e5 hele snelandskabet, hvilket b\u00f8rnene vil elske. Sneploven passer til alle Bruder lastbiler, og den kan justeres i vinkel og h\u00f8jde.<\/p>\n","protected":false},"featured_media":0,"template":"","meta":{"content-type":"","_monsterinsights_skip_tracking":false,"_monsterinsights_sitenote_active":false,"_monsterinsights_sitenote_note":"","_monsterinsights_sitenote_category":0},"product_brand":[],"product_cat":[1498],"product_tag":[],"brand":[],"target-group":[],"discontinued":[],"class_list":{"0":"post-346928","1":"product","2":"type-product","3":"status-publish","5":"product_cat-bruder-legetoej","7":"first","8":"instock","9":"taxable","10":"shipping-taxable","11":"product-type-simple"},"aioseo_notices":[],"_links":{"self":[{"href":"https:\/\/games.tactic.net\/da\/wp-json\/wp\/v2\/product\/346928","targetHints":{"allow":["GET"]}}],"collection":[{"href":"https:\/\/games.tactic.net\/da\/wp-json\/wp\/v2\/product"}],"about":[{"href":"https:\/\/games.tactic.net\/da\/wp-json\/wp\/v2\/types\/product"}],"wp:attachment":[{"href":"https:\/\/games.tactic.net\/da\/wp-json\/wp\/v2\/media?parent=346928"}],"wp:term":[{"taxonomy":"product_brand","embeddable":true,"href":"https:\/\/games.tactic.net\/da\/wp-json\/wp\/v2\/product_brand?post=346928"},{"taxonomy":"product_cat","embeddable":true,"href":"https:\/\/games.tactic.net\/da\/wp-json\/wp\/v2\/product_cat?post=346928"},{"taxonomy":"product_tag","embeddable":true,"href":"https:\/\/games.tactic.net\/da\/wp-json\/wp\/v2\/product_tag?post=346928"},{"taxonomy":"brand","embeddable":true,"href":"https:\/\/games.tactic.net\/da\/wp-json\/wp\/v2\/brand?post=346928"},{"taxonomy":"target-group","embeddable":true,"href":"https:\/\/games.tactic.net\/da\/wp-json\/wp\/v2\/target-group?post=346928"},{"taxonomy":"discontinued","embeddable":true,"href":"https:\/\/games.tactic.net\/da\/wp-json\/wp\/v2\/discontinued?post=346928"}],"curies":[{"name":"wp","href":"https:\/\/api.w.org\/{rel}","templated":true}]}}