{"id":346884,"date":"2022-01-21T13:44:28","date_gmt":"2022-01-21T11:44:28","guid":{"rendered":"https:\/\/games.tactic.net\/tuote\/mb-sprinter-transporter-with-cross-country-vehicle-and-l-s-module\/"},"modified":"2022-10-25T15:50:35","modified_gmt":"2022-10-25T12:50:35","slug":"mb-sprinter-transporter-with-cross-country-vehicle-and-l-s-module","status":"archive","type":"product","link":"https:\/\/games.tactic.net\/da\/tuote\/mb-sprinter-transporter-with-cross-country-vehicle-and-l-s-module\/","title":{"rendered":"MB Sprinter transporter with cross country vehicle and L  S Module"},"content":{"rendered":"<p>Lastbilen kabelspil kan bj\u00e6rge biler i selv de mest besv\u00e6rlige situationer. Redskabsbokse p\u00e5 siderne indeholder stopklodser, og rampen kan skubbes ind i chassiset. Lys- og lydmodulet g\u00f8r legen endnu mere sp\u00e6ndende. <\/p>\n","protected":false},"excerpt":{"rendered":"<p>Lastbilen kabelspil kan bj\u00e6rge biler i selv de mest besv\u00e6rlige situationer. Redskabsbokse p\u00e5 siderne indeholder stopklodser, og rampen kan skubbes ind i chassiset. Lys- og lydmodulet g\u00f8r legen endnu mere sp\u00e6ndende. <\/p>\n","protected":false},"featured_media":0,"template":"","meta":{"content-type":"","_monsterinsights_skip_tracking":false,"_monsterinsights_sitenote_active":false,"_monsterinsights_sitenote_note":"","_monsterinsights_sitenote_category":0},"product_brand":[],"product_cat":[1498],"product_tag":[],"brand":[],"target-group":[],"discontinued":[],"class_list":{"0":"post-346884","1":"product","2":"type-product","3":"status-archive","5":"product_cat-bruder-legetoej","7":"first","8":"outofstock","9":"taxable","10":"shipping-taxable","11":"product-type-simple"},"aioseo_notices":[],"_links":{"self":[{"href":"https:\/\/games.tactic.net\/da\/wp-json\/wp\/v2\/product\/346884","targetHints":{"allow":["GET"]}}],"collection":[{"href":"https:\/\/games.tactic.net\/da\/wp-json\/wp\/v2\/product"}],"about":[{"href":"https:\/\/games.tactic.net\/da\/wp-json\/wp\/v2\/types\/product"}],"wp:attachment":[{"href":"https:\/\/games.tactic.net\/da\/wp-json\/wp\/v2\/media?parent=346884"}],"wp:term":[{"taxonomy":"product_brand","embeddable":true,"href":"https:\/\/games.tactic.net\/da\/wp-json\/wp\/v2\/product_brand?post=346884"},{"taxonomy":"product_cat","embeddable":true,"href":"https:\/\/games.tactic.net\/da\/wp-json\/wp\/v2\/product_cat?post=346884"},{"taxonomy":"product_tag","embeddable":true,"href":"https:\/\/games.tactic.net\/da\/wp-json\/wp\/v2\/product_tag?post=346884"},{"taxonomy":"brand","embeddable":true,"href":"https:\/\/games.tactic.net\/da\/wp-json\/wp\/v2\/brand?post=346884"},{"taxonomy":"target-group","embeddable":true,"href":"https:\/\/games.tactic.net\/da\/wp-json\/wp\/v2\/target-group?post=346884"},{"taxonomy":"discontinued","embeddable":true,"href":"https:\/\/games.tactic.net\/da\/wp-json\/wp\/v2\/discontinued?post=346884"}],"curies":[{"name":"wp","href":"https:\/\/api.w.org\/{rel}","templated":true}]}}