{"id":346812,"date":"2022-01-21T13:43:58","date_gmt":"2022-01-21T11:43:58","guid":{"rendered":"https:\/\/games.tactic.net\/tuote\/mb-sprinter-fire-engine-with-ladder-waterpump-and-l-s-module\/"},"modified":"2023-10-02T09:27:40","modified_gmt":"2023-10-02T06:27:40","slug":"mb-sprinter-fire-engine-with-ladder-waterpump-and-l-s-module","status":"archive","type":"product","link":"https:\/\/games.tactic.net\/da\/tuote\/mb-sprinter-fire-engine-with-ladder-waterpump-and-l-s-module\/","title":{"rendered":"Bruder MB Sprinter fire engine with ladder, waterpump and L  S Module"},"content":{"rendered":"<p>Denne brandbil har mange realististe detaljer. Den har bl.a. drejelig foldeud-stige med redningskurv og fuldt fungerende vandspr\u00f8jte samt synlig vandtank og l\u00f8ftemekanisme, som g\u00f8r slukning af brande nemmere. Tryk-ned st\u00f8tteben, diverse redskaber og signalhorn samt lys g\u00f8r denne brandbil endnu mere sp\u00e6ndende at lege med.<\/p>\n","protected":false},"excerpt":{"rendered":"<p>Denne brandbil har mange realististe detaljer. Den har bl.a. drejelig foldeud-stige med redningskurv og fuldt fungerende vandspr\u00f8jte samt synlig vandtank og l\u00f8ftemekanisme, som g\u00f8r slukning af brande nemmere. Tryk-ned st\u00f8tteben, diverse redskaber og signalhorn samt lys g\u00f8r denne brandbil endnu mere sp\u00e6ndende at lege med.<\/p>\n","protected":false},"featured_media":0,"template":"","meta":{"content-type":"","_monsterinsights_skip_tracking":false,"_monsterinsights_sitenote_active":false,"_monsterinsights_sitenote_note":"","_monsterinsights_sitenote_category":0},"product_brand":[],"product_cat":[1498],"product_tag":[],"brand":[],"target-group":[],"discontinued":[],"class_list":{"0":"post-346812","1":"product","2":"type-product","3":"status-archive","5":"product_cat-bruder-legetoej","7":"first","8":"outofstock","9":"taxable","10":"shipping-taxable","11":"product-type-simple"},"aioseo_notices":[],"_links":{"self":[{"href":"https:\/\/games.tactic.net\/da\/wp-json\/wp\/v2\/product\/346812","targetHints":{"allow":["GET"]}}],"collection":[{"href":"https:\/\/games.tactic.net\/da\/wp-json\/wp\/v2\/product"}],"about":[{"href":"https:\/\/games.tactic.net\/da\/wp-json\/wp\/v2\/types\/product"}],"wp:attachment":[{"href":"https:\/\/games.tactic.net\/da\/wp-json\/wp\/v2\/media?parent=346812"}],"wp:term":[{"taxonomy":"product_brand","embeddable":true,"href":"https:\/\/games.tactic.net\/da\/wp-json\/wp\/v2\/product_brand?post=346812"},{"taxonomy":"product_cat","embeddable":true,"href":"https:\/\/games.tactic.net\/da\/wp-json\/wp\/v2\/product_cat?post=346812"},{"taxonomy":"product_tag","embeddable":true,"href":"https:\/\/games.tactic.net\/da\/wp-json\/wp\/v2\/product_tag?post=346812"},{"taxonomy":"brand","embeddable":true,"href":"https:\/\/games.tactic.net\/da\/wp-json\/wp\/v2\/brand?post=346812"},{"taxonomy":"target-group","embeddable":true,"href":"https:\/\/games.tactic.net\/da\/wp-json\/wp\/v2\/target-group?post=346812"},{"taxonomy":"discontinued","embeddable":true,"href":"https:\/\/games.tactic.net\/da\/wp-json\/wp\/v2\/discontinued?post=346812"}],"curies":[{"name":"wp","href":"https:\/\/api.w.org\/{rel}","templated":true}]}}