{"id":346797,"date":"2022-01-21T13:43:49","date_gmt":"2022-01-21T11:43:49","guid":{"rendered":"https:\/\/games.tactic.net\/tuote\/linde-fork-lift-h30d-with-2-pallets\/"},"modified":"2023-10-20T16:19:33","modified_gmt":"2023-10-20T13:19:33","slug":"linde-fork-lift-h30d-with-2-pallets","status":"publish","type":"product","link":"https:\/\/games.tactic.net\/da\/tuote\/linde-fork-lift-h30d-with-2-pallets\/","title":{"rendered":"Bruder Linde H30D fork lift with 2 pallets toy"},"content":{"rendered":"<p>Linde H30D gaffeltruck er en industriel stabler, som drives med diesel eller gas. Den imponerende original med Porsche-design danner et meget attraktivt forbillede for leget\u00f8jsmodellen. Trucken er udstyret med en to-trins l\u00f8ftemast, hvor l\u00f8fte- og vippefunktionen kan betjenes med \u00e9n h\u00e5nd. De hydrauliske vippecylindre monteret i taget bruges til at justere l\u00f8ftemastens h\u00e6ldning. Modellen har en let betjenelig styring, som g\u00f8r det muligt for b\u00f8rn at man\u00f8vrere en last p\u00e5 selv de trangeste steder \u2013 ligesom originalen. Gaflerne er naturligvis justerbare og aftagelige. To EUR-paller medf\u00f8lger. M\u00f8nstrede d\u00e6k fuldender helheden. For at \u00f8ge legev\u00e6rdien kan trucken udstyres med tilbeh\u00f8rss\u00e6ttet, varenr.: 02318, som best\u00e5r af kurvpalle, spil, gafler og l\u00e6ssepigge (medf\u00f8lger ikke).<\/p>\n","protected":false},"excerpt":{"rendered":"<p>Bruder Linde gaffeltruck H30D med 2 paller.<\/p>\n","protected":false},"featured_media":0,"template":"","meta":{"content-type":"","_monsterinsights_skip_tracking":false,"_monsterinsights_sitenote_active":false,"_monsterinsights_sitenote_note":"","_monsterinsights_sitenote_category":0},"product_brand":[],"product_cat":[1498],"product_tag":[],"brand":[],"target-group":[],"discontinued":[],"class_list":{"0":"post-346797","1":"product","2":"type-product","3":"status-publish","5":"product_cat-bruder-legetoej","7":"first","8":"instock","9":"taxable","10":"shipping-taxable","11":"product-type-simple"},"aioseo_notices":[],"_links":{"self":[{"href":"https:\/\/games.tactic.net\/da\/wp-json\/wp\/v2\/product\/346797","targetHints":{"allow":["GET"]}}],"collection":[{"href":"https:\/\/games.tactic.net\/da\/wp-json\/wp\/v2\/product"}],"about":[{"href":"https:\/\/games.tactic.net\/da\/wp-json\/wp\/v2\/types\/product"}],"wp:attachment":[{"href":"https:\/\/games.tactic.net\/da\/wp-json\/wp\/v2\/media?parent=346797"}],"wp:term":[{"taxonomy":"product_brand","embeddable":true,"href":"https:\/\/games.tactic.net\/da\/wp-json\/wp\/v2\/product_brand?post=346797"},{"taxonomy":"product_cat","embeddable":true,"href":"https:\/\/games.tactic.net\/da\/wp-json\/wp\/v2\/product_cat?post=346797"},{"taxonomy":"product_tag","embeddable":true,"href":"https:\/\/games.tactic.net\/da\/wp-json\/wp\/v2\/product_tag?post=346797"},{"taxonomy":"brand","embeddable":true,"href":"https:\/\/games.tactic.net\/da\/wp-json\/wp\/v2\/brand?post=346797"},{"taxonomy":"target-group","embeddable":true,"href":"https:\/\/games.tactic.net\/da\/wp-json\/wp\/v2\/target-group?post=346797"},{"taxonomy":"discontinued","embeddable":true,"href":"https:\/\/games.tactic.net\/da\/wp-json\/wp\/v2\/discontinued?post=346797"}],"curies":[{"name":"wp","href":"https:\/\/api.w.org\/{rel}","templated":true}]}}