{"id":346754,"date":"2022-01-21T13:43:36","date_gmt":"2022-01-21T11:43:36","guid":{"rendered":"https:\/\/games.tactic.net\/tuote\/john-deere-gator-xuv-855d\/"},"modified":"2023-10-20T16:06:08","modified_gmt":"2023-10-20T13:06:08","slug":"john-deere-gator-xuv-855d","status":"publish","type":"product","link":"https:\/\/games.tactic.net\/da\/tuote\/john-deere-gator-xuv-855d\/","title":{"rendered":"Bruder John Deere Gator XUV 855D toy"},"content":{"rendered":"<p>John Deere Gator 855D bruges til arbejde ved landbruget, skovbruget, p\u00e5 kommunale arbejdspladser og byggepladser. Kombinationen af en effektiv SUV og den lille st\u00f8rrelse g\u00f8r dette k\u00f8ret\u00f8j ekstremt alsidigt og meget praktisk. Du kan tippe ladet for at losse.<\/p>\n","protected":false},"excerpt":{"rendered":"<p>John Deere Gator 855D bruges til arbejde ved landbruget, skovbruget, p\u00e5 kommunale arbejdspladser og byggepladser. Kombinationen af en effektiv SUV og den lille st\u00f8rrelse g\u00f8r dette k\u00f8ret\u00f8j ekstremt alsidigt og meget praktisk. Du kan tippe ladet for at losse.<\/p>\n","protected":false},"featured_media":0,"template":"","meta":{"content-type":"","_monsterinsights_skip_tracking":false,"_monsterinsights_sitenote_active":false,"_monsterinsights_sitenote_note":"","_monsterinsights_sitenote_category":0},"product_brand":[],"product_cat":[1498],"product_tag":[],"brand":[],"target-group":[],"discontinued":[],"class_list":{"0":"post-346754","1":"product","2":"type-product","3":"status-publish","5":"product_cat-bruder-legetoej","7":"first","8":"outofstock","9":"taxable","10":"shipping-taxable","11":"product-type-simple"},"aioseo_notices":[],"_links":{"self":[{"href":"https:\/\/games.tactic.net\/da\/wp-json\/wp\/v2\/product\/346754","targetHints":{"allow":["GET"]}}],"collection":[{"href":"https:\/\/games.tactic.net\/da\/wp-json\/wp\/v2\/product"}],"about":[{"href":"https:\/\/games.tactic.net\/da\/wp-json\/wp\/v2\/types\/product"}],"wp:attachment":[{"href":"https:\/\/games.tactic.net\/da\/wp-json\/wp\/v2\/media?parent=346754"}],"wp:term":[{"taxonomy":"product_brand","embeddable":true,"href":"https:\/\/games.tactic.net\/da\/wp-json\/wp\/v2\/product_brand?post=346754"},{"taxonomy":"product_cat","embeddable":true,"href":"https:\/\/games.tactic.net\/da\/wp-json\/wp\/v2\/product_cat?post=346754"},{"taxonomy":"product_tag","embeddable":true,"href":"https:\/\/games.tactic.net\/da\/wp-json\/wp\/v2\/product_tag?post=346754"},{"taxonomy":"brand","embeddable":true,"href":"https:\/\/games.tactic.net\/da\/wp-json\/wp\/v2\/brand?post=346754"},{"taxonomy":"target-group","embeddable":true,"href":"https:\/\/games.tactic.net\/da\/wp-json\/wp\/v2\/target-group?post=346754"},{"taxonomy":"discontinued","embeddable":true,"href":"https:\/\/games.tactic.net\/da\/wp-json\/wp\/v2\/discontinued?post=346754"}],"curies":[{"name":"wp","href":"https:\/\/api.w.org\/{rel}","templated":true}]}}