{"id":346725,"date":"2022-01-21T13:43:25","date_gmt":"2022-01-21T11:43:25","guid":{"rendered":"https:\/\/games.tactic.net\/tuote\/cat-large-track-type-tractor\/"},"modified":"2023-10-20T15:35:51","modified_gmt":"2023-10-20T12:35:51","slug":"cat-large-track-type-tractor","status":"publish","type":"product","link":"https:\/\/games.tactic.net\/da\/tuote\/cat-large-track-type-tractor\/","title":{"rendered":"Bruder CAT Large track-type tractor toy"},"content":{"rendered":"<p>Denne store bulldozer bruges hovedsagelig til at udj\u00e6vne store omr\u00e5der. Den fuldt funktionelle b\u00e6ltefunktion best\u00e5r af 62 led og arbejder kraftfuldt selv under meget kr\u00e6vende omst\u00e6ndigheder. H\u00f8jden og vinklen af den store nivelleringsskovl kan justeres ligesom h\u00f8jden p\u00e5 jordl\u00f8sneren.<\/p>\n","protected":false},"excerpt":{"rendered":"<p>Denne store bulldozer bruges hovedsagelig til at udj\u00e6vne store omr\u00e5der. Den fuldt funktionelle b\u00e6ltefunktion best\u00e5r af 62 led og arbejder kraftfuldt selv under meget kr\u00e6vende omst\u00e6ndigheder. H\u00f8jden og vinklen af den store nivelleringsskovl kan justeres ligesom h\u00f8jden p\u00e5 jordl\u00f8sneren.<\/p>\n","protected":false},"featured_media":0,"template":"","meta":{"content-type":"","_monsterinsights_skip_tracking":false,"_monsterinsights_sitenote_active":false,"_monsterinsights_sitenote_note":"","_monsterinsights_sitenote_category":0},"product_brand":[],"product_cat":[1498],"product_tag":[],"brand":[],"target-group":[],"discontinued":[],"class_list":{"0":"post-346725","1":"product","2":"type-product","3":"status-publish","5":"product_cat-bruder-legetoej","7":"first","8":"instock","9":"taxable","10":"shipping-taxable","11":"product-type-simple"},"aioseo_notices":[],"_links":{"self":[{"href":"https:\/\/games.tactic.net\/da\/wp-json\/wp\/v2\/product\/346725","targetHints":{"allow":["GET"]}}],"collection":[{"href":"https:\/\/games.tactic.net\/da\/wp-json\/wp\/v2\/product"}],"about":[{"href":"https:\/\/games.tactic.net\/da\/wp-json\/wp\/v2\/types\/product"}],"wp:attachment":[{"href":"https:\/\/games.tactic.net\/da\/wp-json\/wp\/v2\/media?parent=346725"}],"wp:term":[{"taxonomy":"product_brand","embeddable":true,"href":"https:\/\/games.tactic.net\/da\/wp-json\/wp\/v2\/product_brand?post=346725"},{"taxonomy":"product_cat","embeddable":true,"href":"https:\/\/games.tactic.net\/da\/wp-json\/wp\/v2\/product_cat?post=346725"},{"taxonomy":"product_tag","embeddable":true,"href":"https:\/\/games.tactic.net\/da\/wp-json\/wp\/v2\/product_tag?post=346725"},{"taxonomy":"brand","embeddable":true,"href":"https:\/\/games.tactic.net\/da\/wp-json\/wp\/v2\/brand?post=346725"},{"taxonomy":"target-group","embeddable":true,"href":"https:\/\/games.tactic.net\/da\/wp-json\/wp\/v2\/target-group?post=346725"},{"taxonomy":"discontinued","embeddable":true,"href":"https:\/\/games.tactic.net\/da\/wp-json\/wp\/v2\/discontinued?post=346725"}],"curies":[{"name":"wp","href":"https:\/\/api.w.org\/{rel}","templated":true}]}}