{"id":346638,"date":"2022-01-21T13:42:51","date_gmt":"2022-01-21T11:42:51","guid":{"rendered":"https:\/\/games.tactic.net\/tuote\/cat-track-type-tractor\/"},"modified":"2023-10-20T15:37:58","modified_gmt":"2023-10-20T12:37:58","slug":"cat-track-type-tractor","status":"publish","type":"product","link":"https:\/\/games.tactic.net\/da\/tuote\/cat-track-type-tractor\/","title":{"rendered":"Bruder CAT Track-type tractor toy"},"content":{"rendered":"<p>Bulldozeren kan bruges til tungt gravearbejde, selv i vanskeligt terr\u00e6n. Den har drejende og vippende skovl til alt arbejde med klarg\u00f8ring og udj\u00e6vning. Jorden kan ogs\u00e5 l\u00f8snes med multi-sk\u00e6rene. Dette k\u00f8ret\u00f8j har ekseptionelle k\u00f8reegenskaber.<\/p>\n","protected":false},"excerpt":{"rendered":"<p>Bulldozeren kan bruges til tungt gravearbejde, selv i vanskeligt terr\u00e6n. Den har drejende og vippende skovl til alt arbejde med klarg\u00f8ring og udj\u00e6vning. Jorden kan ogs\u00e5 l\u00f8snes med multi-sk\u00e6rene. Dette k\u00f8ret\u00f8j har ekseptionelle k\u00f8reegenskaber.<\/p>\n","protected":false},"featured_media":0,"template":"","meta":{"content-type":"","_monsterinsights_skip_tracking":false,"_monsterinsights_sitenote_active":false,"_monsterinsights_sitenote_note":"","_monsterinsights_sitenote_category":0},"product_brand":[],"product_cat":[1498],"product_tag":[],"brand":[],"target-group":[],"discontinued":[],"class_list":{"0":"post-346638","1":"product","2":"type-product","3":"status-publish","5":"product_cat-bruder-legetoej","7":"first","8":"outofstock","9":"taxable","10":"shipping-taxable","11":"product-type-simple"},"aioseo_notices":[],"_links":{"self":[{"href":"https:\/\/games.tactic.net\/da\/wp-json\/wp\/v2\/product\/346638","targetHints":{"allow":["GET"]}}],"collection":[{"href":"https:\/\/games.tactic.net\/da\/wp-json\/wp\/v2\/product"}],"about":[{"href":"https:\/\/games.tactic.net\/da\/wp-json\/wp\/v2\/types\/product"}],"wp:attachment":[{"href":"https:\/\/games.tactic.net\/da\/wp-json\/wp\/v2\/media?parent=346638"}],"wp:term":[{"taxonomy":"product_brand","embeddable":true,"href":"https:\/\/games.tactic.net\/da\/wp-json\/wp\/v2\/product_brand?post=346638"},{"taxonomy":"product_cat","embeddable":true,"href":"https:\/\/games.tactic.net\/da\/wp-json\/wp\/v2\/product_cat?post=346638"},{"taxonomy":"product_tag","embeddable":true,"href":"https:\/\/games.tactic.net\/da\/wp-json\/wp\/v2\/product_tag?post=346638"},{"taxonomy":"brand","embeddable":true,"href":"https:\/\/games.tactic.net\/da\/wp-json\/wp\/v2\/brand?post=346638"},{"taxonomy":"target-group","embeddable":true,"href":"https:\/\/games.tactic.net\/da\/wp-json\/wp\/v2\/target-group?post=346638"},{"taxonomy":"discontinued","embeddable":true,"href":"https:\/\/games.tactic.net\/da\/wp-json\/wp\/v2\/discontinued?post=346638"}],"curies":[{"name":"wp","href":"https:\/\/api.w.org\/{rel}","templated":true}]}}