{"id":346581,"date":"2022-01-21T13:42:37","date_gmt":"2022-01-21T11:42:37","guid":{"rendered":"https:\/\/games.tactic.net\/tuote\/cat-wheel-loader\/"},"modified":"2024-11-13T09:15:55","modified_gmt":"2024-11-13T07:15:55","slug":"cat-wheel-loader","status":"archive","type":"product","link":"https:\/\/games.tactic.net\/da\/tuote\/cat-wheel-loader\/","title":{"rendered":"Bruder CAT Wheel loader toy"},"content":{"rendered":"<p>Caterpillar 908 l\u00e6ssemaskine har en fuldt bev\u00e6gelig l\u00e6ssearm med vippefunktion og aftagelig frontskovl. Kn\u00e6kstyring g\u00f8r den nem at man\u00f8vrere.<\/p>\n","protected":false},"excerpt":{"rendered":"<p>Caterpillar 908 l\u00e6ssemaskine har en fuldt bev\u00e6gelig l\u00e6ssearm med vippefunktion og aftagelig frontskovl. Kn\u00e6kstyring g\u00f8r den nem at man\u00f8vrere.<\/p>\n","protected":false},"featured_media":0,"template":"","meta":{"content-type":"","_monsterinsights_skip_tracking":false,"_monsterinsights_sitenote_active":false,"_monsterinsights_sitenote_note":"","_monsterinsights_sitenote_category":0},"product_brand":[],"product_cat":[1498],"product_tag":[],"brand":[],"target-group":[],"discontinued":[],"class_list":{"0":"post-346581","1":"product","2":"type-product","3":"status-archive","5":"product_cat-bruder-legetoej","7":"first","8":"outofstock","9":"taxable","10":"shipping-taxable","11":"product-type-simple"},"aioseo_notices":[],"_links":{"self":[{"href":"https:\/\/games.tactic.net\/da\/wp-json\/wp\/v2\/product\/346581","targetHints":{"allow":["GET"]}}],"collection":[{"href":"https:\/\/games.tactic.net\/da\/wp-json\/wp\/v2\/product"}],"about":[{"href":"https:\/\/games.tactic.net\/da\/wp-json\/wp\/v2\/types\/product"}],"wp:attachment":[{"href":"https:\/\/games.tactic.net\/da\/wp-json\/wp\/v2\/media?parent=346581"}],"wp:term":[{"taxonomy":"product_brand","embeddable":true,"href":"https:\/\/games.tactic.net\/da\/wp-json\/wp\/v2\/product_brand?post=346581"},{"taxonomy":"product_cat","embeddable":true,"href":"https:\/\/games.tactic.net\/da\/wp-json\/wp\/v2\/product_cat?post=346581"},{"taxonomy":"product_tag","embeddable":true,"href":"https:\/\/games.tactic.net\/da\/wp-json\/wp\/v2\/product_tag?post=346581"},{"taxonomy":"brand","embeddable":true,"href":"https:\/\/games.tactic.net\/da\/wp-json\/wp\/v2\/brand?post=346581"},{"taxonomy":"target-group","embeddable":true,"href":"https:\/\/games.tactic.net\/da\/wp-json\/wp\/v2\/target-group?post=346581"},{"taxonomy":"discontinued","embeddable":true,"href":"https:\/\/games.tactic.net\/da\/wp-json\/wp\/v2\/discontinued?post=346581"}],"curies":[{"name":"wp","href":"https:\/\/api.w.org\/{rel}","templated":true}]}}