{"id":346552,"date":"2022-01-21T13:42:27","date_gmt":"2022-01-21T11:42:27","guid":{"rendered":"https:\/\/games.tactic.net\/tuote\/cat-asphalt-drum-compactor\/"},"modified":"2023-10-20T15:33:20","modified_gmt":"2023-10-20T12:33:20","slug":"cat-asphalt-drum-compactor","status":"publish","type":"product","link":"https:\/\/games.tactic.net\/da\/tuote\/cat-asphalt-drum-compactor\/","title":{"rendered":"Bruder CAT Asfalt tromlekomprimator leget\u00f8j"},"content":{"rendered":"<p>Cat\u00ae asfaltvalsen er lavet til sm\u00e5 byggepladser og vejarbejde. Med kn\u00e6kstyring har den lille venderadius og er meget man\u00f8vredygtig. BRUDERs model er en n\u00f8jagtig kopi af originalen, komplet med h\u00e5ndbremse og bolte i tromlerne. Et perfekt supplement til fl\u00e5den af sm\u00e5 byggemaskiner. Kan leges med sammen med Cat\u00ae skid steer loader (02481\/02482 USA) og Schaeff minigraver HR16 (02432).<\/p>\n","protected":false},"excerpt":{"rendered":"<p>Cat\u00ae asfaltkomprimator er perfekt til sm\u00e5 byggepladser. Med sn\u00e6ver venderadius og realistiske detaljer er det en pr\u00e6cis BRUDER kopi af originalen.<\/p>\n","protected":false},"featured_media":0,"template":"","meta":{"content-type":"","_monsterinsights_skip_tracking":false,"_monsterinsights_sitenote_active":false,"_monsterinsights_sitenote_note":"","_monsterinsights_sitenote_category":0},"product_brand":[],"product_cat":[1498],"product_tag":[],"brand":[],"target-group":[],"discontinued":[],"class_list":{"0":"post-346552","1":"product","2":"type-product","3":"status-publish","5":"product_cat-bruder-legetoej","7":"first","8":"instock","9":"taxable","10":"shipping-taxable","11":"product-type-simple"},"aioseo_notices":[],"_links":{"self":[{"href":"https:\/\/games.tactic.net\/da\/wp-json\/wp\/v2\/product\/346552","targetHints":{"allow":["GET"]}}],"collection":[{"href":"https:\/\/games.tactic.net\/da\/wp-json\/wp\/v2\/product"}],"about":[{"href":"https:\/\/games.tactic.net\/da\/wp-json\/wp\/v2\/types\/product"}],"wp:attachment":[{"href":"https:\/\/games.tactic.net\/da\/wp-json\/wp\/v2\/media?parent=346552"}],"wp:term":[{"taxonomy":"product_brand","embeddable":true,"href":"https:\/\/games.tactic.net\/da\/wp-json\/wp\/v2\/product_brand?post=346552"},{"taxonomy":"product_cat","embeddable":true,"href":"https:\/\/games.tactic.net\/da\/wp-json\/wp\/v2\/product_cat?post=346552"},{"taxonomy":"product_tag","embeddable":true,"href":"https:\/\/games.tactic.net\/da\/wp-json\/wp\/v2\/product_tag?post=346552"},{"taxonomy":"brand","embeddable":true,"href":"https:\/\/games.tactic.net\/da\/wp-json\/wp\/v2\/brand?post=346552"},{"taxonomy":"target-group","embeddable":true,"href":"https:\/\/games.tactic.net\/da\/wp-json\/wp\/v2\/target-group?post=346552"},{"taxonomy":"discontinued","embeddable":true,"href":"https:\/\/games.tactic.net\/da\/wp-json\/wp\/v2\/discontinued?post=346552"}],"curies":[{"name":"wp","href":"https:\/\/api.w.org\/{rel}","templated":true}]}}