{"id":346523,"date":"2022-01-21T13:42:16","date_gmt":"2022-01-21T11:42:16","guid":{"rendered":"https:\/\/games.tactic.net\/tuote\/schaeff-hr16-mini-excavator\/"},"modified":"2023-10-20T17:01:12","modified_gmt":"2023-10-20T14:01:12","slug":"schaeff-hr16-mini-excavator","status":"publish","type":"product","link":"https:\/\/games.tactic.net\/da\/tuote\/schaeff-hr16-mini-excavator\/","title":{"rendered":"Bruder Schaeff HR16 Mini excavator toy"},"content":{"rendered":"<p>Gravemaskinarmen er fuldt funktionsdygtig, skovlen kan tages af, og dozerbladet er justerbart. Jibarmen p\u00e5 Schaeff minigraveren kan svinges sidev\u00e6rts, hvilket muligg\u00f8r en realistisk gravefunktion. F\u00f8rerkabinen p\u00e5 Schaeff minigraveren kan ogs\u00e5 drejes 360\u00b0, og gummib\u00e6lterne sikrer en stille k\u00f8rsel.<\/p>\n","protected":false},"excerpt":{"rendered":"<p>Gravemskinens arm er fuldt funktionsdygtig, skovlen kan fjernes, og ploven kan justeres. Kranen p\u00e5 Schaeff minigraver kan bev\u00e6ges i sideled. F\u00f8rehuset kan dreje 360\u00b0.<\/p>\n","protected":false},"featured_media":0,"template":"","meta":{"content-type":"","_monsterinsights_skip_tracking":false,"_monsterinsights_sitenote_active":false,"_monsterinsights_sitenote_note":"","_monsterinsights_sitenote_category":0},"product_brand":[],"product_cat":[1498],"product_tag":[],"brand":[],"target-group":[],"discontinued":[],"class_list":{"0":"post-346523","1":"product","2":"type-product","3":"status-publish","5":"product_cat-bruder-legetoej","7":"first","8":"instock","9":"taxable","10":"shipping-taxable","11":"product-type-simple"},"aioseo_notices":[],"_links":{"self":[{"href":"https:\/\/games.tactic.net\/da\/wp-json\/wp\/v2\/product\/346523","targetHints":{"allow":["GET"]}}],"collection":[{"href":"https:\/\/games.tactic.net\/da\/wp-json\/wp\/v2\/product"}],"about":[{"href":"https:\/\/games.tactic.net\/da\/wp-json\/wp\/v2\/types\/product"}],"wp:attachment":[{"href":"https:\/\/games.tactic.net\/da\/wp-json\/wp\/v2\/media?parent=346523"}],"wp:term":[{"taxonomy":"product_brand","embeddable":true,"href":"https:\/\/games.tactic.net\/da\/wp-json\/wp\/v2\/product_brand?post=346523"},{"taxonomy":"product_cat","embeddable":true,"href":"https:\/\/games.tactic.net\/da\/wp-json\/wp\/v2\/product_cat?post=346523"},{"taxonomy":"product_tag","embeddable":true,"href":"https:\/\/games.tactic.net\/da\/wp-json\/wp\/v2\/product_tag?post=346523"},{"taxonomy":"brand","embeddable":true,"href":"https:\/\/games.tactic.net\/da\/wp-json\/wp\/v2\/brand?post=346523"},{"taxonomy":"target-group","embeddable":true,"href":"https:\/\/games.tactic.net\/da\/wp-json\/wp\/v2\/target-group?post=346523"},{"taxonomy":"discontinued","embeddable":true,"href":"https:\/\/games.tactic.net\/da\/wp-json\/wp\/v2\/discontinued?post=346523"}],"curies":[{"name":"wp","href":"https:\/\/api.w.org\/{rel}","templated":true}]}}