{"id":346466,"date":"2022-01-21T13:42:02","date_gmt":"2022-01-21T11:42:02","guid":{"rendered":"https:\/\/games.tactic.net\/tuote\/liebherr-articulated-road-loader-l574\/"},"modified":"2023-10-20T16:18:42","modified_gmt":"2023-10-20T13:18:42","slug":"liebherr-articulated-road-loader-l574","status":"publish","type":"product","link":"https:\/\/games.tactic.net\/da\/tuote\/liebherr-articulated-road-loader-l574\/","title":{"rendered":"Bruder Liebherr L524 Articulated road loader toy"},"content":{"rendered":"<p>Liebherr gummihjulsl\u00e6sser har en stor vippende frontskovl, som betjenes med en h\u00e5nd. Kn\u00e6kstyring og offroad-bagaksel sikrer nem man\u00f8vrering. Motorhjelmen kan \u00e5bnes, s\u00e5 du kan se motorblokken.<\/p>\n","protected":false},"excerpt":{"rendered":"<p>Liebherr gummihjulsl\u00e6sser har en stor vippende frontskovl, som betjenes med en h\u00e5nd. Kn\u00e6kstyring og offroad-bagaksel sikrer nem man\u00f8vrering. Motorhjelmen kan \u00e5bnes, s\u00e5 du kan se motorblokken.<\/p>\n","protected":false},"featured_media":0,"template":"","meta":{"content-type":"","_monsterinsights_skip_tracking":false,"_monsterinsights_sitenote_active":false,"_monsterinsights_sitenote_note":"","_monsterinsights_sitenote_category":0},"product_brand":[],"product_cat":[1498],"product_tag":[],"brand":[],"target-group":[],"discontinued":[],"class_list":{"0":"post-346466","1":"product","2":"type-product","3":"status-publish","5":"product_cat-bruder-legetoej","7":"first","8":"instock","9":"taxable","10":"shipping-taxable","11":"product-type-simple"},"aioseo_notices":[],"_links":{"self":[{"href":"https:\/\/games.tactic.net\/da\/wp-json\/wp\/v2\/product\/346466","targetHints":{"allow":["GET"]}}],"collection":[{"href":"https:\/\/games.tactic.net\/da\/wp-json\/wp\/v2\/product"}],"about":[{"href":"https:\/\/games.tactic.net\/da\/wp-json\/wp\/v2\/types\/product"}],"wp:attachment":[{"href":"https:\/\/games.tactic.net\/da\/wp-json\/wp\/v2\/media?parent=346466"}],"wp:term":[{"taxonomy":"product_brand","embeddable":true,"href":"https:\/\/games.tactic.net\/da\/wp-json\/wp\/v2\/product_brand?post=346466"},{"taxonomy":"product_cat","embeddable":true,"href":"https:\/\/games.tactic.net\/da\/wp-json\/wp\/v2\/product_cat?post=346466"},{"taxonomy":"product_tag","embeddable":true,"href":"https:\/\/games.tactic.net\/da\/wp-json\/wp\/v2\/product_tag?post=346466"},{"taxonomy":"brand","embeddable":true,"href":"https:\/\/games.tactic.net\/da\/wp-json\/wp\/v2\/brand?post=346466"},{"taxonomy":"target-group","embeddable":true,"href":"https:\/\/games.tactic.net\/da\/wp-json\/wp\/v2\/target-group?post=346466"},{"taxonomy":"discontinued","embeddable":true,"href":"https:\/\/games.tactic.net\/da\/wp-json\/wp\/v2\/discontinued?post=346466"}],"curies":[{"name":"wp","href":"https:\/\/api.w.org\/{rel}","templated":true}]}}