{"id":346437,"date":"2022-01-21T13:41:51","date_gmt":"2022-01-21T11:41:51","guid":{"rendered":"https:\/\/games.tactic.net\/tuote\/jcb-midi-cx-backhoe-loader\/"},"modified":"2023-10-20T15:59:52","modified_gmt":"2023-10-20T12:59:52","slug":"jcb-midi-cx-backhoe-loader","status":"publish","type":"product","link":"https:\/\/games.tactic.net\/da\/tuote\/jcb-midi-cx-backhoe-loader\/","title":{"rendered":"Bruder JCB MIDI CX Backhoe loader toy"},"content":{"rendered":"<p>Denne rendegraver er en kombination af tre forskellige arbejdsmaskiner: en minigravko, en kompakt frontl\u00e6sser og en kompakt traktor. B\u00e5de frontl\u00e6sser og rendegraverarm kan fjernes og betjenes med en h\u00e5nd.<\/p>\n","protected":false},"excerpt":{"rendered":"<p>Bruder JCB MIDI CX gravemaskine med l\u00e6sser<\/p>\n","protected":false},"featured_media":0,"template":"","meta":{"content-type":"","_monsterinsights_skip_tracking":false,"_monsterinsights_sitenote_active":false,"_monsterinsights_sitenote_note":"","_monsterinsights_sitenote_category":0},"product_brand":[],"product_cat":[1498],"product_tag":[],"brand":[],"target-group":[],"discontinued":[],"class_list":{"0":"post-346437","1":"product","2":"type-product","3":"status-publish","5":"product_cat-bruder-legetoej","7":"first","8":"instock","9":"taxable","10":"shipping-taxable","11":"product-type-simple"},"aioseo_notices":[],"_links":{"self":[{"href":"https:\/\/games.tactic.net\/da\/wp-json\/wp\/v2\/product\/346437","targetHints":{"allow":["GET"]}}],"collection":[{"href":"https:\/\/games.tactic.net\/da\/wp-json\/wp\/v2\/product"}],"about":[{"href":"https:\/\/games.tactic.net\/da\/wp-json\/wp\/v2\/types\/product"}],"wp:attachment":[{"href":"https:\/\/games.tactic.net\/da\/wp-json\/wp\/v2\/media?parent=346437"}],"wp:term":[{"taxonomy":"product_brand","embeddable":true,"href":"https:\/\/games.tactic.net\/da\/wp-json\/wp\/v2\/product_brand?post=346437"},{"taxonomy":"product_cat","embeddable":true,"href":"https:\/\/games.tactic.net\/da\/wp-json\/wp\/v2\/product_cat?post=346437"},{"taxonomy":"product_tag","embeddable":true,"href":"https:\/\/games.tactic.net\/da\/wp-json\/wp\/v2\/product_tag?post=346437"},{"taxonomy":"brand","embeddable":true,"href":"https:\/\/games.tactic.net\/da\/wp-json\/wp\/v2\/brand?post=346437"},{"taxonomy":"target-group","embeddable":true,"href":"https:\/\/games.tactic.net\/da\/wp-json\/wp\/v2\/target-group?post=346437"},{"taxonomy":"discontinued","embeddable":true,"href":"https:\/\/games.tactic.net\/da\/wp-json\/wp\/v2\/discontinued?post=346437"}],"curies":[{"name":"wp","href":"https:\/\/api.w.org\/{rel}","templated":true}]}}