{"id":346393,"date":"2022-01-21T13:41:32","date_gmt":"2022-01-21T11:41:32","guid":{"rendered":"https:\/\/games.tactic.net\/tuote\/articulated-road-loader-fr-130\/"},"modified":"2023-10-20T15:26:07","modified_gmt":"2023-10-20T12:26:07","slug":"articulated-road-loader-fr-130","status":"publish","type":"product","link":"https:\/\/games.tactic.net\/da\/tuote\/articulated-road-loader-fr-130\/","title":{"rendered":"Bruder FR 130 Articulated road loader toy"},"content":{"rendered":"<p>Den kn\u00e6kstyrede gummiged FR 130 har en fuldt fungerende skovlarm, som kan l\u00e5ses i fast position. Skovlen kan ogs\u00e5 vippes. Gummigeden er let at man\u00f8vrere med kn\u00e6kstyring.<\/p>\n","protected":false},"excerpt":{"rendered":"<p>Den kn\u00e6kstyrede gummiged FR 130 har en fuldt fungerende skovlarm, som kan l\u00e5ses i fast position. Skovlen kan ogs\u00e5 vippes. Gummigeden er let at man\u00f8vrere med kn\u00e6kstyring.<\/p>\n","protected":false},"featured_media":0,"template":"","meta":{"content-type":"","_monsterinsights_skip_tracking":false,"_monsterinsights_sitenote_active":false,"_monsterinsights_sitenote_note":"","_monsterinsights_sitenote_category":0},"product_brand":[],"product_cat":[1498],"product_tag":[],"brand":[],"target-group":[],"discontinued":[],"class_list":{"0":"post-346393","1":"product","2":"type-product","3":"status-publish","5":"product_cat-bruder-legetoej","7":"first","8":"instock","9":"taxable","10":"shipping-taxable","11":"product-type-simple"},"aioseo_notices":[],"_links":{"self":[{"href":"https:\/\/games.tactic.net\/da\/wp-json\/wp\/v2\/product\/346393","targetHints":{"allow":["GET"]}}],"collection":[{"href":"https:\/\/games.tactic.net\/da\/wp-json\/wp\/v2\/product"}],"about":[{"href":"https:\/\/games.tactic.net\/da\/wp-json\/wp\/v2\/types\/product"}],"wp:attachment":[{"href":"https:\/\/games.tactic.net\/da\/wp-json\/wp\/v2\/media?parent=346393"}],"wp:term":[{"taxonomy":"product_brand","embeddable":true,"href":"https:\/\/games.tactic.net\/da\/wp-json\/wp\/v2\/product_brand?post=346393"},{"taxonomy":"product_cat","embeddable":true,"href":"https:\/\/games.tactic.net\/da\/wp-json\/wp\/v2\/product_cat?post=346393"},{"taxonomy":"product_tag","embeddable":true,"href":"https:\/\/games.tactic.net\/da\/wp-json\/wp\/v2\/product_tag?post=346393"},{"taxonomy":"brand","embeddable":true,"href":"https:\/\/games.tactic.net\/da\/wp-json\/wp\/v2\/brand?post=346393"},{"taxonomy":"target-group","embeddable":true,"href":"https:\/\/games.tactic.net\/da\/wp-json\/wp\/v2\/target-group?post=346393"},{"taxonomy":"discontinued","embeddable":true,"href":"https:\/\/games.tactic.net\/da\/wp-json\/wp\/v2\/discontinued?post=346393"}],"curies":[{"name":"wp","href":"https:\/\/api.w.org\/{rel}","templated":true}]}}