{"id":346307,"date":"2022-01-21T13:41:09","date_gmt":"2022-01-21T11:41:09","guid":{"rendered":"https:\/\/games.tactic.net\/tuote\/accessories-logistics-set\/"},"modified":"2023-10-11T09:22:50","modified_gmt":"2023-10-11T06:22:50","slug":"accessories-logistics-set","status":"publish","type":"product","link":"https:\/\/games.tactic.net\/da\/tuote\/accessories-logistics-set\/","title":{"rendered":"Bruder Logistics set accessories"},"content":{"rendered":"<p>Logistiks\u00e6ttet best\u00e5r af to netkasser, to kasser med l\u00e5g og ti europaller. S\u00e6ttet passer perfekt til transport- og logistikk\u00f8ret\u00f8jerne, f.eks. containervogne af Profi-serien. Hele logistikomr\u00e5det kan genskabes og opleves med logistiks\u00e6ttet, containervognene og gaffeltruckene.<\/p>\n","protected":false},"excerpt":{"rendered":"<p>Logistiks\u00e6ttet best\u00e5r af to netkasser, to kasser med l\u00e5g og ti europaller. S\u00e6ttet passer perfekt til transport- og logistikk\u00f8ret\u00f8jerne, f.eks. containervogne af Profi-serien. Hele logistikomr\u00e5det kan genskabes og opleves med logistiks\u00e6ttet, containervognene og gaffeltruckene.<\/p>\n","protected":false},"featured_media":0,"template":"","meta":{"content-type":"","_monsterinsights_skip_tracking":false,"_monsterinsights_sitenote_active":false,"_monsterinsights_sitenote_note":"","_monsterinsights_sitenote_category":0},"product_brand":[],"product_cat":[1498],"product_tag":[],"brand":[],"target-group":[],"discontinued":[],"class_list":{"0":"post-346307","1":"product","2":"type-product","3":"status-publish","5":"product_cat-bruder-legetoej","7":"first","8":"outofstock","9":"taxable","10":"shipping-taxable","11":"product-type-simple"},"aioseo_notices":[],"_links":{"self":[{"href":"https:\/\/games.tactic.net\/da\/wp-json\/wp\/v2\/product\/346307","targetHints":{"allow":["GET"]}}],"collection":[{"href":"https:\/\/games.tactic.net\/da\/wp-json\/wp\/v2\/product"}],"about":[{"href":"https:\/\/games.tactic.net\/da\/wp-json\/wp\/v2\/types\/product"}],"wp:attachment":[{"href":"https:\/\/games.tactic.net\/da\/wp-json\/wp\/v2\/media?parent=346307"}],"wp:term":[{"taxonomy":"product_brand","embeddable":true,"href":"https:\/\/games.tactic.net\/da\/wp-json\/wp\/v2\/product_brand?post=346307"},{"taxonomy":"product_cat","embeddable":true,"href":"https:\/\/games.tactic.net\/da\/wp-json\/wp\/v2\/product_cat?post=346307"},{"taxonomy":"product_tag","embeddable":true,"href":"https:\/\/games.tactic.net\/da\/wp-json\/wp\/v2\/product_tag?post=346307"},{"taxonomy":"brand","embeddable":true,"href":"https:\/\/games.tactic.net\/da\/wp-json\/wp\/v2\/brand?post=346307"},{"taxonomy":"target-group","embeddable":true,"href":"https:\/\/games.tactic.net\/da\/wp-json\/wp\/v2\/target-group?post=346307"},{"taxonomy":"discontinued","embeddable":true,"href":"https:\/\/games.tactic.net\/da\/wp-json\/wp\/v2\/discontinued?post=346307"}],"curies":[{"name":"wp","href":"https:\/\/api.w.org\/{rel}","templated":true}]}}