{"id":346292,"date":"2022-01-21T13:41:01","date_gmt":"2022-01-21T11:41:01","guid":{"rendered":"https:\/\/games.tactic.net\/tuote\/pottinger-vitasem-302add-harrow-mounted-seed-drills\/"},"modified":"2023-10-20T16:54:15","modified_gmt":"2023-10-20T13:54:15","slug":"pottinger-vitasem-302add-harrow-mounted-seed-drills","status":"publish","type":"product","link":"https:\/\/games.tactic.net\/da\/tuote\/pottinger-vitasem-302add-harrow-mounted-seed-drills\/","title":{"rendered":"Bruder P\u00f6ttinger Vitasem 302ADD harrow-mounted seed dril toy"},"content":{"rendered":"<p>P\u00f6ttinger Vitasem 302ADD er en kombineret rotorharve og s\u00e5maskine. Den anvendes til at bearbejde jorden og doserer s\u00e6d p\u00e5 en hurtig og pr\u00e6cis m\u00e5de. B\u00f8rnene kan h\u00e6ve og s\u00e6nke enheden og den integrerede hejsemekanisme g\u00f8r legen meget realistisk.<\/p>\n","protected":false},"excerpt":{"rendered":"<p>P\u00f6ttinger Vitasem 302ADD er en kombineret rotorharve og s\u00e5maskine. Den anvendes til at bearbejde jorden og doserer s\u00e6d p\u00e5 en hurtig og pr\u00e6cis m\u00e5de. B\u00f8rnene kan h\u00e6ve og s\u00e6nke enheden og den integrerede hejsemekanisme g\u00f8r legen meget realistisk.<\/p>\n","protected":false},"featured_media":0,"template":"","meta":{"content-type":"","_monsterinsights_skip_tracking":false,"_monsterinsights_sitenote_active":false,"_monsterinsights_sitenote_note":"","_monsterinsights_sitenote_category":0},"product_brand":[],"product_cat":[1498],"product_tag":[],"brand":[],"target-group":[],"discontinued":[],"class_list":{"0":"post-346292","1":"product","2":"type-product","3":"status-publish","5":"product_cat-bruder-legetoej","7":"first","8":"instock","9":"taxable","10":"shipping-taxable","11":"product-type-simple"},"aioseo_notices":[],"_links":{"self":[{"href":"https:\/\/games.tactic.net\/da\/wp-json\/wp\/v2\/product\/346292","targetHints":{"allow":["GET"]}}],"collection":[{"href":"https:\/\/games.tactic.net\/da\/wp-json\/wp\/v2\/product"}],"about":[{"href":"https:\/\/games.tactic.net\/da\/wp-json\/wp\/v2\/types\/product"}],"wp:attachment":[{"href":"https:\/\/games.tactic.net\/da\/wp-json\/wp\/v2\/media?parent=346292"}],"wp:term":[{"taxonomy":"product_brand","embeddable":true,"href":"https:\/\/games.tactic.net\/da\/wp-json\/wp\/v2\/product_brand?post=346292"},{"taxonomy":"product_cat","embeddable":true,"href":"https:\/\/games.tactic.net\/da\/wp-json\/wp\/v2\/product_cat?post=346292"},{"taxonomy":"product_tag","embeddable":true,"href":"https:\/\/games.tactic.net\/da\/wp-json\/wp\/v2\/product_tag?post=346292"},{"taxonomy":"brand","embeddable":true,"href":"https:\/\/games.tactic.net\/da\/wp-json\/wp\/v2\/brand?post=346292"},{"taxonomy":"target-group","embeddable":true,"href":"https:\/\/games.tactic.net\/da\/wp-json\/wp\/v2\/target-group?post=346292"},{"taxonomy":"discontinued","embeddable":true,"href":"https:\/\/games.tactic.net\/da\/wp-json\/wp\/v2\/discontinued?post=346292"}],"curies":[{"name":"wp","href":"https:\/\/api.w.org\/{rel}","templated":true}]}}