{"id":346176,"date":"2022-01-21T13:40:22","date_gmt":"2022-01-21T11:40:22","guid":{"rendered":"https:\/\/games.tactic.net\/tuote\/accessories-lemken-plough\/"},"modified":"2023-10-20T15:23:20","modified_gmt":"2023-10-20T12:23:20","slug":"accessories-lemken-plough","status":"publish","type":"product","link":"https:\/\/games.tactic.net\/da\/tuote\/accessories-lemken-plough\/","title":{"rendered":"Bruder LEMKEN Plough accessories"},"content":{"rendered":"<p>Vendeploven kan s\u00e6nkes og drejes ved k\u00f8rsel. Den kan ogs\u00e5 h\u00e6ves og l\u00e5ses ved transport. Vendeploven passer til alle Profi serie traktorer.<\/p>\n","protected":false},"excerpt":{"rendered":"<p>Vendeploven kan s\u00e6nkes og drejes ved k\u00f8rsel. Den kan ogs\u00e5 h\u00e6ves og l\u00e5ses ved transport. Vendeploven passer til alle Profi serie traktorer.<\/p>\n","protected":false},"featured_media":0,"template":"","meta":{"content-type":"","_monsterinsights_skip_tracking":false,"_monsterinsights_sitenote_active":false,"_monsterinsights_sitenote_note":"","_monsterinsights_sitenote_category":0},"product_brand":[],"product_cat":[1498],"product_tag":[],"brand":[],"target-group":[],"discontinued":[],"class_list":{"0":"post-346176","1":"product","2":"type-product","3":"status-publish","5":"product_cat-bruder-legetoej","7":"first","8":"instock","9":"taxable","10":"shipping-taxable","11":"product-type-simple"},"aioseo_notices":[],"_links":{"self":[{"href":"https:\/\/games.tactic.net\/da\/wp-json\/wp\/v2\/product\/346176","targetHints":{"allow":["GET"]}}],"collection":[{"href":"https:\/\/games.tactic.net\/da\/wp-json\/wp\/v2\/product"}],"about":[{"href":"https:\/\/games.tactic.net\/da\/wp-json\/wp\/v2\/types\/product"}],"wp:attachment":[{"href":"https:\/\/games.tactic.net\/da\/wp-json\/wp\/v2\/media?parent=346176"}],"wp:term":[{"taxonomy":"product_brand","embeddable":true,"href":"https:\/\/games.tactic.net\/da\/wp-json\/wp\/v2\/product_brand?post=346176"},{"taxonomy":"product_cat","embeddable":true,"href":"https:\/\/games.tactic.net\/da\/wp-json\/wp\/v2\/product_cat?post=346176"},{"taxonomy":"product_tag","embeddable":true,"href":"https:\/\/games.tactic.net\/da\/wp-json\/wp\/v2\/product_tag?post=346176"},{"taxonomy":"brand","embeddable":true,"href":"https:\/\/games.tactic.net\/da\/wp-json\/wp\/v2\/brand?post=346176"},{"taxonomy":"target-group","embeddable":true,"href":"https:\/\/games.tactic.net\/da\/wp-json\/wp\/v2\/target-group?post=346176"},{"taxonomy":"discontinued","embeddable":true,"href":"https:\/\/games.tactic.net\/da\/wp-json\/wp\/v2\/discontinued?post=346176"}],"curies":[{"name":"wp","href":"https:\/\/api.w.org\/{rel}","templated":true}]}}