{"id":346146,"date":"2022-01-21T13:40:04","date_gmt":"2022-01-21T11:40:04","guid":{"rendered":"https:\/\/games.tactic.net\/tuote\/accessories-lemken-disc-cultivator\/"},"modified":"2023-10-20T15:23:00","modified_gmt":"2023-10-20T12:23:00","slug":"accessories-lemken-disc-cultivator","status":"publish","type":"product","link":"https:\/\/games.tactic.net\/da\/tuote\/accessories-lemken-disc-cultivator\/","title":{"rendered":"Bruder LEMKEN Disc cultivator accessories"},"content":{"rendered":"<p>Grubberen kan h\u00e6ves og s\u00e6nkes hydraulisk og kan l\u00e5ses. Rullen roterer under k\u00f8rsel.<\/p>\n","protected":false},"excerpt":{"rendered":"<p>Grubberen kan h\u00e6ves og s\u00e6nkes hydraulisk og kan l\u00e5ses. Rullen roterer under k\u00f8rsel.<\/p>\n","protected":false},"featured_media":0,"template":"","meta":{"content-type":"","_monsterinsights_skip_tracking":false,"_monsterinsights_sitenote_active":false,"_monsterinsights_sitenote_note":"","_monsterinsights_sitenote_category":0},"product_brand":[],"product_cat":[1498],"product_tag":[],"brand":[],"target-group":[],"discontinued":[],"class_list":{"0":"post-346146","1":"product","2":"type-product","3":"status-publish","5":"product_cat-bruder-legetoej","7":"first","8":"outofstock","9":"taxable","10":"shipping-taxable","11":"product-type-simple"},"aioseo_notices":[],"_links":{"self":[{"href":"https:\/\/games.tactic.net\/da\/wp-json\/wp\/v2\/product\/346146","targetHints":{"allow":["GET"]}}],"collection":[{"href":"https:\/\/games.tactic.net\/da\/wp-json\/wp\/v2\/product"}],"about":[{"href":"https:\/\/games.tactic.net\/da\/wp-json\/wp\/v2\/types\/product"}],"wp:attachment":[{"href":"https:\/\/games.tactic.net\/da\/wp-json\/wp\/v2\/media?parent=346146"}],"wp:term":[{"taxonomy":"product_brand","embeddable":true,"href":"https:\/\/games.tactic.net\/da\/wp-json\/wp\/v2\/product_brand?post=346146"},{"taxonomy":"product_cat","embeddable":true,"href":"https:\/\/games.tactic.net\/da\/wp-json\/wp\/v2\/product_cat?post=346146"},{"taxonomy":"product_tag","embeddable":true,"href":"https:\/\/games.tactic.net\/da\/wp-json\/wp\/v2\/product_tag?post=346146"},{"taxonomy":"brand","embeddable":true,"href":"https:\/\/games.tactic.net\/da\/wp-json\/wp\/v2\/brand?post=346146"},{"taxonomy":"target-group","embeddable":true,"href":"https:\/\/games.tactic.net\/da\/wp-json\/wp\/v2\/target-group?post=346146"},{"taxonomy":"discontinued","embeddable":true,"href":"https:\/\/games.tactic.net\/da\/wp-json\/wp\/v2\/discontinued?post=346146"}],"curies":[{"name":"wp","href":"https:\/\/api.w.org\/{rel}","templated":true}]}}