{"id":346087,"date":"2022-01-21T13:39:37","date_gmt":"2022-01-21T11:39:37","guid":{"rendered":"https:\/\/games.tactic.net\/tuote\/lemken-semi-mounted-reversible-plough-vari-titan\/"},"modified":"2023-10-20T16:11:58","modified_gmt":"2023-10-20T13:11:58","slug":"lemken-semi-mounted-reversible-plough-vari-titan","status":"publish","type":"product","link":"https:\/\/games.tactic.net\/da\/tuote\/lemken-semi-mounted-reversible-plough-vari-titan\/","title":{"rendered":"Bruder LEMKEN Vari-Titan Semi-mounted reversible plough toy"},"content":{"rendered":"<p>Vendeploven kan drejes 180\u00b0 og er meget smidig at h\u00e5ndtere. Den egner sig fint til kuperet og vanskeligt terr\u00e6n. De store hjul formindsker trykket p\u00e5 jorden under plovningen og g\u00f8r transport p\u00e5 veje mere sikker.<\/p>\n","protected":false},"excerpt":{"rendered":"<p>Vendeploven kan drejes 180\u00b0 og er meget smidig at h\u00e5ndtere. Den egner sig fint til kuperet og vanskeligt terr\u00e6n. De store hjul formindsker trykket p\u00e5 jorden under plovningen og g\u00f8r transport p\u00e5 veje mere sikker.<\/p>\n","protected":false},"featured_media":0,"template":"","meta":{"content-type":"","_monsterinsights_skip_tracking":false,"_monsterinsights_sitenote_active":false,"_monsterinsights_sitenote_note":"","_monsterinsights_sitenote_category":0},"product_brand":[],"product_cat":[1498],"product_tag":[],"brand":[],"target-group":[],"discontinued":[],"class_list":{"0":"post-346087","1":"product","2":"type-product","3":"status-publish","5":"product_cat-bruder-legetoej","7":"first","8":"instock","9":"taxable","10":"shipping-taxable","11":"product-type-simple"},"aioseo_notices":[],"_links":{"self":[{"href":"https:\/\/games.tactic.net\/da\/wp-json\/wp\/v2\/product\/346087","targetHints":{"allow":["GET"]}}],"collection":[{"href":"https:\/\/games.tactic.net\/da\/wp-json\/wp\/v2\/product"}],"about":[{"href":"https:\/\/games.tactic.net\/da\/wp-json\/wp\/v2\/types\/product"}],"wp:attachment":[{"href":"https:\/\/games.tactic.net\/da\/wp-json\/wp\/v2\/media?parent=346087"}],"wp:term":[{"taxonomy":"product_brand","embeddable":true,"href":"https:\/\/games.tactic.net\/da\/wp-json\/wp\/v2\/product_brand?post=346087"},{"taxonomy":"product_cat","embeddable":true,"href":"https:\/\/games.tactic.net\/da\/wp-json\/wp\/v2\/product_cat?post=346087"},{"taxonomy":"product_tag","embeddable":true,"href":"https:\/\/games.tactic.net\/da\/wp-json\/wp\/v2\/product_tag?post=346087"},{"taxonomy":"brand","embeddable":true,"href":"https:\/\/games.tactic.net\/da\/wp-json\/wp\/v2\/brand?post=346087"},{"taxonomy":"target-group","embeddable":true,"href":"https:\/\/games.tactic.net\/da\/wp-json\/wp\/v2\/target-group?post=346087"},{"taxonomy":"discontinued","embeddable":true,"href":"https:\/\/games.tactic.net\/da\/wp-json\/wp\/v2\/discontinued?post=346087"}],"curies":[{"name":"wp","href":"https:\/\/api.w.org\/{rel}","templated":true}]}}