{"id":345972,"date":"2022-01-21T13:38:58","date_gmt":"2022-01-21T11:38:58","guid":{"rendered":"https:\/\/games.tactic.net\/tuote\/lemken-front-furrow-press-variopack-k\/"},"modified":"2023-10-20T16:11:27","modified_gmt":"2023-10-20T13:11:27","slug":"lemken-front-furrow-press-variopack-k","status":"publish","type":"product","link":"https:\/\/games.tactic.net\/da\/tuote\/lemken-front-furrow-press-variopack-k\/","title":{"rendered":"Bruder LEMKEN VarioPack K front furrow press toy"},"content":{"rendered":"<p>Dette specialudstyr pakker jorden og g\u00f8r den klar til uds\u00e6d. Jordpakkeren kan fastg\u00f8res foran eller bag p\u00e5 Bruders traktorer. Pakkeenheden l\u00f8ftes ved vejtransport og kan drejes 90\u00b0 i lodret position.<\/p>\n","protected":false},"excerpt":{"rendered":"<p>Dette specialudstyr pakker jorden og g\u00f8r den klar til uds\u00e6d. Jordpakkeren kan fastg\u00f8res foran eller bag p\u00e5 Bruders traktorer. Pakkeenheden l\u00f8ftes ved vejtransport og kan drejes 90\u00b0 i lodret position.<\/p>\n","protected":false},"featured_media":0,"template":"","meta":{"content-type":"","_monsterinsights_skip_tracking":false,"_monsterinsights_sitenote_active":false,"_monsterinsights_sitenote_note":"","_monsterinsights_sitenote_category":0},"product_brand":[],"product_cat":[1498],"product_tag":[],"brand":[],"target-group":[],"discontinued":[],"class_list":{"0":"post-345972","1":"product","2":"type-product","3":"status-publish","5":"product_cat-bruder-legetoej","7":"first","8":"instock","9":"taxable","10":"shipping-taxable","11":"product-type-simple"},"aioseo_notices":[],"_links":{"self":[{"href":"https:\/\/games.tactic.net\/da\/wp-json\/wp\/v2\/product\/345972","targetHints":{"allow":["GET"]}}],"collection":[{"href":"https:\/\/games.tactic.net\/da\/wp-json\/wp\/v2\/product"}],"about":[{"href":"https:\/\/games.tactic.net\/da\/wp-json\/wp\/v2\/types\/product"}],"wp:attachment":[{"href":"https:\/\/games.tactic.net\/da\/wp-json\/wp\/v2\/media?parent=345972"}],"wp:term":[{"taxonomy":"product_brand","embeddable":true,"href":"https:\/\/games.tactic.net\/da\/wp-json\/wp\/v2\/product_brand?post=345972"},{"taxonomy":"product_cat","embeddable":true,"href":"https:\/\/games.tactic.net\/da\/wp-json\/wp\/v2\/product_cat?post=345972"},{"taxonomy":"product_tag","embeddable":true,"href":"https:\/\/games.tactic.net\/da\/wp-json\/wp\/v2\/product_tag?post=345972"},{"taxonomy":"brand","embeddable":true,"href":"https:\/\/games.tactic.net\/da\/wp-json\/wp\/v2\/brand?post=345972"},{"taxonomy":"target-group","embeddable":true,"href":"https:\/\/games.tactic.net\/da\/wp-json\/wp\/v2\/target-group?post=345972"},{"taxonomy":"discontinued","embeddable":true,"href":"https:\/\/games.tactic.net\/da\/wp-json\/wp\/v2\/discontinued?post=345972"}],"curies":[{"name":"wp","href":"https:\/\/api.w.org\/{rel}","templated":true}]}}