{"id":345943,"date":"2022-01-21T13:38:48","date_gmt":"2022-01-21T11:38:48","guid":{"rendered":"https:\/\/games.tactic.net\/tuote\/bale-transport-trailer-with-8-round-bales\/"},"modified":"2023-10-20T15:27:00","modified_gmt":"2023-10-20T12:27:00","slug":"bale-transport-trailer-with-8-round-bales","status":"publish","type":"product","link":"https:\/\/games.tactic.net\/da\/tuote\/bale-transport-trailer-with-8-round-bales\/","title":{"rendered":"Bruder Bale transport trailer with 8 round bales toy"},"content":{"rendered":"<p>Transporter halmballer med denne ballevogn, som udm\u00e6rker sig ved sine st\u00f8tter, der ogs\u00e5 kan klappes ned. 8 rundballer er inkluderet. For at laste vognen kan du bruge alle vores traktorer, som er udstyret med frontl\u00e6sser og grab.<\/p>\n","protected":false},"excerpt":{"rendered":"<p>Transporter halmballer med denne ballevogn, som udm\u00e6rker sig ved sine st\u00f8tter, der ogs\u00e5 kan klappes ned. 8 rundballer er inkluderet. For at laste vognen kan du bruge alle vores traktorer, som er udstyret med frontl\u00e6sser og grab.<\/p>\n","protected":false},"featured_media":0,"template":"","meta":{"content-type":"","_monsterinsights_skip_tracking":false,"_monsterinsights_sitenote_active":false,"_monsterinsights_sitenote_note":"","_monsterinsights_sitenote_category":0},"product_brand":[],"product_cat":[1498],"product_tag":[],"brand":[],"target-group":[],"discontinued":[],"class_list":{"0":"post-345943","1":"product","2":"type-product","3":"status-publish","5":"product_cat-bruder-legetoej","7":"first","8":"instock","9":"taxable","10":"shipping-taxable","11":"product-type-simple"},"aioseo_notices":[],"_links":{"self":[{"href":"https:\/\/games.tactic.net\/da\/wp-json\/wp\/v2\/product\/345943","targetHints":{"allow":["GET"]}}],"collection":[{"href":"https:\/\/games.tactic.net\/da\/wp-json\/wp\/v2\/product"}],"about":[{"href":"https:\/\/games.tactic.net\/da\/wp-json\/wp\/v2\/types\/product"}],"wp:attachment":[{"href":"https:\/\/games.tactic.net\/da\/wp-json\/wp\/v2\/media?parent=345943"}],"wp:term":[{"taxonomy":"product_brand","embeddable":true,"href":"https:\/\/games.tactic.net\/da\/wp-json\/wp\/v2\/product_brand?post=345943"},{"taxonomy":"product_cat","embeddable":true,"href":"https:\/\/games.tactic.net\/da\/wp-json\/wp\/v2\/product_cat?post=345943"},{"taxonomy":"product_tag","embeddable":true,"href":"https:\/\/games.tactic.net\/da\/wp-json\/wp\/v2\/product_tag?post=345943"},{"taxonomy":"brand","embeddable":true,"href":"https:\/\/games.tactic.net\/da\/wp-json\/wp\/v2\/brand?post=345943"},{"taxonomy":"target-group","embeddable":true,"href":"https:\/\/games.tactic.net\/da\/wp-json\/wp\/v2\/target-group?post=345943"},{"taxonomy":"discontinued","embeddable":true,"href":"https:\/\/games.tactic.net\/da\/wp-json\/wp\/v2\/discontinued?post=345943"}],"curies":[{"name":"wp","href":"https:\/\/api.w.org\/{rel}","templated":true}]}}