{"id":345914,"date":"2022-01-21T13:38:33","date_gmt":"2022-01-21T11:38:33","guid":{"rendered":"https:\/\/games.tactic.net\/tuote\/kuhn-discover-xl-disc-harrow\/"},"modified":"2023-10-20T16:09:56","modified_gmt":"2023-10-20T13:09:56","slug":"kuhn-discover-xl-disc-harrow","status":"publish","type":"product","link":"https:\/\/games.tactic.net\/da\/tuote\/kuhn-discover-xl-disc-harrow\/","title":{"rendered":"Bruder Kuhn discover XL disc harrow toy"},"content":{"rendered":"<p>Ligesom originalen har den detaljerede leget\u00f8jsmodel fire tallerkenharver med 54 roterende sk\u00e6r og to ruller. Harverne kan klappes op og l\u00e5ses fast under k\u00f8rsel p\u00e5 veje.<\/p>\n","protected":false},"excerpt":{"rendered":"<p>Ligesom originalen har den detaljerede leget\u00f8jsmodel fire tallerkenharver med 54 roterende sk\u00e6r og to ruller. Harverne kan klappes op og l\u00e5ses fast under k\u00f8rsel p\u00e5 veje.<\/p>\n","protected":false},"featured_media":0,"template":"","meta":{"content-type":"","_monsterinsights_skip_tracking":false,"_monsterinsights_sitenote_active":false,"_monsterinsights_sitenote_note":"","_monsterinsights_sitenote_category":0},"product_brand":[],"product_cat":[1498],"product_tag":[],"brand":[],"target-group":[],"discontinued":[],"class_list":{"0":"post-345914","1":"product","2":"type-product","3":"status-publish","5":"product_cat-bruder-legetoej","7":"first","8":"instock","9":"taxable","10":"shipping-taxable","11":"product-type-simple"},"aioseo_notices":[],"_links":{"self":[{"href":"https:\/\/games.tactic.net\/da\/wp-json\/wp\/v2\/product\/345914","targetHints":{"allow":["GET"]}}],"collection":[{"href":"https:\/\/games.tactic.net\/da\/wp-json\/wp\/v2\/product"}],"about":[{"href":"https:\/\/games.tactic.net\/da\/wp-json\/wp\/v2\/types\/product"}],"wp:attachment":[{"href":"https:\/\/games.tactic.net\/da\/wp-json\/wp\/v2\/media?parent=345914"}],"wp:term":[{"taxonomy":"product_brand","embeddable":true,"href":"https:\/\/games.tactic.net\/da\/wp-json\/wp\/v2\/product_brand?post=345914"},{"taxonomy":"product_cat","embeddable":true,"href":"https:\/\/games.tactic.net\/da\/wp-json\/wp\/v2\/product_cat?post=345914"},{"taxonomy":"product_tag","embeddable":true,"href":"https:\/\/games.tactic.net\/da\/wp-json\/wp\/v2\/product_tag?post=345914"},{"taxonomy":"brand","embeddable":true,"href":"https:\/\/games.tactic.net\/da\/wp-json\/wp\/v2\/brand?post=345914"},{"taxonomy":"target-group","embeddable":true,"href":"https:\/\/games.tactic.net\/da\/wp-json\/wp\/v2\/target-group?post=345914"},{"taxonomy":"discontinued","embeddable":true,"href":"https:\/\/games.tactic.net\/da\/wp-json\/wp\/v2\/discontinued?post=345914"}],"curies":[{"name":"wp","href":"https:\/\/api.w.org\/{rel}","templated":true}]}}