{"id":345856,"date":"2022-01-21T13:38:03","date_gmt":"2022-01-21T11:38:03","guid":{"rendered":"https:\/\/games.tactic.net\/tuote\/fliegl-three-way-tipp-trailer-with-removable-top\/"},"modified":"2023-10-20T15:52:43","modified_gmt":"2023-10-20T12:52:43","slug":"fliegl-three-way-tipp-trailer-with-removable-top","status":"publish","type":"product","link":"https:\/\/games.tactic.net\/da\/tuote\/fliegl-three-way-tipp-trailer-with-removable-top\/","title":{"rendered":"Bruder Fliegl Three way dumber with removable top toy"},"content":{"rendered":"<p>Det er nemt at man\u00f8vrere denne alsidige tipvogn, som kan tippes til tre sider. P\u00e5 vognens front kontrolleres den innovative tipvogn. V\u00e6lg retning, s\u00e5 kan den kun tippes den ene vej.<\/p>\n","protected":false},"excerpt":{"rendered":"<p>Det er nemt at man\u00f8vrere denne alsidige tipvogn, som kan tippes til tre sider. P\u00e5 vognens front kontrolleres den innovative tipvogn. V\u00e6lg retning, s\u00e5 kan den kun tippes den ene vej.<\/p>\n","protected":false},"featured_media":0,"template":"","meta":{"content-type":"","_monsterinsights_skip_tracking":false,"_monsterinsights_sitenote_active":false,"_monsterinsights_sitenote_note":"","_monsterinsights_sitenote_category":0},"product_brand":[],"product_cat":[1498],"product_tag":[],"brand":[],"target-group":[],"discontinued":[],"class_list":{"0":"post-345856","1":"product","2":"type-product","3":"status-publish","5":"product_cat-bruder-legetoej","7":"first","8":"instock","9":"taxable","10":"shipping-taxable","11":"product-type-simple"},"aioseo_notices":[],"_links":{"self":[{"href":"https:\/\/games.tactic.net\/da\/wp-json\/wp\/v2\/product\/345856","targetHints":{"allow":["GET"]}}],"collection":[{"href":"https:\/\/games.tactic.net\/da\/wp-json\/wp\/v2\/product"}],"about":[{"href":"https:\/\/games.tactic.net\/da\/wp-json\/wp\/v2\/types\/product"}],"wp:attachment":[{"href":"https:\/\/games.tactic.net\/da\/wp-json\/wp\/v2\/media?parent=345856"}],"wp:term":[{"taxonomy":"product_brand","embeddable":true,"href":"https:\/\/games.tactic.net\/da\/wp-json\/wp\/v2\/product_brand?post=345856"},{"taxonomy":"product_cat","embeddable":true,"href":"https:\/\/games.tactic.net\/da\/wp-json\/wp\/v2\/product_cat?post=345856"},{"taxonomy":"product_tag","embeddable":true,"href":"https:\/\/games.tactic.net\/da\/wp-json\/wp\/v2\/product_tag?post=345856"},{"taxonomy":"brand","embeddable":true,"href":"https:\/\/games.tactic.net\/da\/wp-json\/wp\/v2\/brand?post=345856"},{"taxonomy":"target-group","embeddable":true,"href":"https:\/\/games.tactic.net\/da\/wp-json\/wp\/v2\/target-group?post=345856"},{"taxonomy":"discontinued","embeddable":true,"href":"https:\/\/games.tactic.net\/da\/wp-json\/wp\/v2\/discontinued?post=345856"}],"curies":[{"name":"wp","href":"https:\/\/api.w.org\/{rel}","templated":true}]}}