{"id":345770,"date":"2022-01-21T13:37:38","date_gmt":"2022-01-21T11:37:38","guid":{"rendered":"https:\/\/games.tactic.net\/tuote\/jlg-2505-telehandler\/"},"modified":"2023-10-20T16:01:46","modified_gmt":"2023-10-20T13:01:46","slug":"jlg-2505-telehandler","status":"publish","type":"product","link":"https:\/\/games.tactic.net\/da\/tuote\/jlg-2505-telehandler\/","title":{"rendered":"Bruder JLG 2505 Telehandler toy"},"content":{"rendered":"<p>JLG telesopl\u00e6ssers lille st\u00f8rrelse og den herlige teleskoparm, som kan forl\u00e6nges, g\u00f8r denne til det f\u00f8rste valg for mange forskellige opgaver. Du kan let kontrollere dette k\u00f8ret\u00f8j med fire s\u00f8lvh\u00e5ndtag.<\/p>\n","protected":false},"excerpt":{"rendered":"<p>JLG telesopl\u00e6ssers lille st\u00f8rrelse og den herlige teleskoparm, som kan forl\u00e6nges, g\u00f8r denne til det f\u00f8rste valg for mange forskellige opgaver. Du kan let kontrollere dette k\u00f8ret\u00f8j med fire s\u00f8lvh\u00e5ndtag.<\/p>\n","protected":false},"featured_media":0,"template":"","meta":{"content-type":"","_monsterinsights_skip_tracking":false,"_monsterinsights_sitenote_active":false,"_monsterinsights_sitenote_note":"","_monsterinsights_sitenote_category":0},"product_brand":[],"product_cat":[1498],"product_tag":[],"brand":[],"target-group":[],"discontinued":[],"class_list":{"0":"post-345770","1":"product","2":"type-product","3":"status-publish","5":"product_cat-bruder-legetoej","7":"first","8":"instock","9":"taxable","10":"shipping-taxable","11":"product-type-simple"},"aioseo_notices":[],"_links":{"self":[{"href":"https:\/\/games.tactic.net\/da\/wp-json\/wp\/v2\/product\/345770","targetHints":{"allow":["GET"]}}],"collection":[{"href":"https:\/\/games.tactic.net\/da\/wp-json\/wp\/v2\/product"}],"about":[{"href":"https:\/\/games.tactic.net\/da\/wp-json\/wp\/v2\/types\/product"}],"wp:attachment":[{"href":"https:\/\/games.tactic.net\/da\/wp-json\/wp\/v2\/media?parent=345770"}],"wp:term":[{"taxonomy":"product_brand","embeddable":true,"href":"https:\/\/games.tactic.net\/da\/wp-json\/wp\/v2\/product_brand?post=345770"},{"taxonomy":"product_cat","embeddable":true,"href":"https:\/\/games.tactic.net\/da\/wp-json\/wp\/v2\/product_cat?post=345770"},{"taxonomy":"product_tag","embeddable":true,"href":"https:\/\/games.tactic.net\/da\/wp-json\/wp\/v2\/product_tag?post=345770"},{"taxonomy":"brand","embeddable":true,"href":"https:\/\/games.tactic.net\/da\/wp-json\/wp\/v2\/brand?post=345770"},{"taxonomy":"target-group","embeddable":true,"href":"https:\/\/games.tactic.net\/da\/wp-json\/wp\/v2\/target-group?post=345770"},{"taxonomy":"discontinued","embeddable":true,"href":"https:\/\/games.tactic.net\/da\/wp-json\/wp\/v2\/discontinued?post=345770"}],"curies":[{"name":"wp","href":"https:\/\/api.w.org\/{rel}","templated":true}]}}