{"id":345741,"date":"2022-01-21T13:37:26","date_gmt":"2022-01-21T11:37:26","guid":{"rendered":"https:\/\/games.tactic.net\/tuote\/cat-multi-terrain-loader\/"},"modified":"2023-10-20T15:37:07","modified_gmt":"2023-10-20T12:37:07","slug":"cat-multi-terrain-loader","status":"publish","type":"product","link":"https:\/\/games.tactic.net\/da\/tuote\/cat-multi-terrain-loader\/","title":{"rendered":"Bruder CAT Compact track loader toy"},"content":{"rendered":"<p>Caterpillar Multi minil\u00e6sser er st\u00e6rk, fleksibel og mobil. Det er rigtigt sjovt at se, hvor pr\u00e6cist k\u00e6detr\u00e6kket arbejder, mens du k\u00f8rer l\u00e6ssemaskinen over alle slags underlag. Den bev\u00e6gelige arm med frontskovl kan l\u00e5ses fast i flere positioner.<\/p>\n","protected":false},"excerpt":{"rendered":"<p>Caterpillar Multi minil\u00e6sser er st\u00e6rk, fleksibel og mobil. Det er rigtigt sjovt at se, hvor pr\u00e6cist k\u00e6detr\u00e6kket arbejder, mens du k\u00f8rer l\u00e6ssemaskinen over alle slags underlag. Den bev\u00e6gelige arm med frontskovl kan l\u00e5ses fast i flere positioner.<\/p>\n","protected":false},"featured_media":0,"template":"","meta":{"content-type":"","_monsterinsights_skip_tracking":false,"_monsterinsights_sitenote_active":false,"_monsterinsights_sitenote_note":"","_monsterinsights_sitenote_category":0},"product_brand":[],"product_cat":[1498],"product_tag":[],"brand":[],"target-group":[],"discontinued":[],"class_list":{"0":"post-345741","1":"product","2":"type-product","3":"status-publish","5":"product_cat-bruder-legetoej","7":"first","8":"outofstock","9":"taxable","10":"shipping-taxable","11":"product-type-simple"},"aioseo_notices":[],"_links":{"self":[{"href":"https:\/\/games.tactic.net\/da\/wp-json\/wp\/v2\/product\/345741","targetHints":{"allow":["GET"]}}],"collection":[{"href":"https:\/\/games.tactic.net\/da\/wp-json\/wp\/v2\/product"}],"about":[{"href":"https:\/\/games.tactic.net\/da\/wp-json\/wp\/v2\/types\/product"}],"wp:attachment":[{"href":"https:\/\/games.tactic.net\/da\/wp-json\/wp\/v2\/media?parent=345741"}],"wp:term":[{"taxonomy":"product_brand","embeddable":true,"href":"https:\/\/games.tactic.net\/da\/wp-json\/wp\/v2\/product_brand?post=345741"},{"taxonomy":"product_cat","embeddable":true,"href":"https:\/\/games.tactic.net\/da\/wp-json\/wp\/v2\/product_cat?post=345741"},{"taxonomy":"product_tag","embeddable":true,"href":"https:\/\/games.tactic.net\/da\/wp-json\/wp\/v2\/product_tag?post=345741"},{"taxonomy":"brand","embeddable":true,"href":"https:\/\/games.tactic.net\/da\/wp-json\/wp\/v2\/brand?post=345741"},{"taxonomy":"target-group","embeddable":true,"href":"https:\/\/games.tactic.net\/da\/wp-json\/wp\/v2\/target-group?post=345741"},{"taxonomy":"discontinued","embeddable":true,"href":"https:\/\/games.tactic.net\/da\/wp-json\/wp\/v2\/discontinued?post=345741"}],"curies":[{"name":"wp","href":"https:\/\/api.w.org\/{rel}","templated":true}]}}