{"id":345712,"date":"2022-01-21T13:37:14","date_gmt":"2022-01-21T11:37:14","guid":{"rendered":"https:\/\/games.tactic.net\/tuote\/john-deere-1210e-forwarder-with-4-trunks-and-grab\/"},"modified":"2023-10-20T16:02:11","modified_gmt":"2023-10-20T13:02:11","slug":"john-deere-1210e-forwarder-with-4-trunks-and-grab","status":"publish","type":"product","link":"https:\/\/games.tactic.net\/da\/tuote\/john-deere-1210e-forwarder-with-4-trunks-and-grab\/","title":{"rendered":"Bruder John Deere 1210E Forwarder with grab and 4 trunks toy"},"content":{"rendered":"<p>Enhver lille skovmand kan v\u00e6re stolt over sit arbejde med John Deeres fire-akslede skovvogn. Den kan transportere tr\u00e6stammer gennem ufremkommeligt terr\u00e6n og laste og losse sin fragt.<\/p>\n","protected":false},"excerpt":{"rendered":"<p>Enhver lille skovmand kan v\u00e6re stolt over sit arbejde med John Deeres fire-akslede skovvogn. Den kan transportere tr\u00e6stammer gennem ufremkommeligt terr\u00e6n og laste og losse sin fragt.<\/p>\n","protected":false},"featured_media":0,"template":"","meta":{"content-type":"","_monsterinsights_skip_tracking":false,"_monsterinsights_sitenote_active":false,"_monsterinsights_sitenote_note":"","_monsterinsights_sitenote_category":0},"product_brand":[],"product_cat":[1498],"product_tag":[],"brand":[],"target-group":[],"discontinued":[],"class_list":{"0":"post-345712","1":"product","2":"type-product","3":"status-publish","5":"product_cat-bruder-legetoej","7":"first","8":"instock","9":"taxable","10":"shipping-taxable","11":"product-type-simple"},"aioseo_notices":[],"_links":{"self":[{"href":"https:\/\/games.tactic.net\/da\/wp-json\/wp\/v2\/product\/345712","targetHints":{"allow":["GET"]}}],"collection":[{"href":"https:\/\/games.tactic.net\/da\/wp-json\/wp\/v2\/product"}],"about":[{"href":"https:\/\/games.tactic.net\/da\/wp-json\/wp\/v2\/types\/product"}],"wp:attachment":[{"href":"https:\/\/games.tactic.net\/da\/wp-json\/wp\/v2\/media?parent=345712"}],"wp:term":[{"taxonomy":"product_brand","embeddable":true,"href":"https:\/\/games.tactic.net\/da\/wp-json\/wp\/v2\/product_brand?post=345712"},{"taxonomy":"product_cat","embeddable":true,"href":"https:\/\/games.tactic.net\/da\/wp-json\/wp\/v2\/product_cat?post=345712"},{"taxonomy":"product_tag","embeddable":true,"href":"https:\/\/games.tactic.net\/da\/wp-json\/wp\/v2\/product_tag?post=345712"},{"taxonomy":"brand","embeddable":true,"href":"https:\/\/games.tactic.net\/da\/wp-json\/wp\/v2\/brand?post=345712"},{"taxonomy":"target-group","embeddable":true,"href":"https:\/\/games.tactic.net\/da\/wp-json\/wp\/v2\/target-group?post=345712"},{"taxonomy":"discontinued","embeddable":true,"href":"https:\/\/games.tactic.net\/da\/wp-json\/wp\/v2\/discontinued?post=345712"}],"curies":[{"name":"wp","href":"https:\/\/api.w.org\/{rel}","templated":true}]}}