{"id":345683,"date":"2022-01-21T13:37:04","date_gmt":"2022-01-21T11:37:04","guid":{"rendered":"https:\/\/games.tactic.net\/tuote\/john-deere-combine-harvester-t670i\/"},"modified":"2023-10-20T16:05:35","modified_gmt":"2023-10-20T13:05:35","slug":"john-deere-combine-harvester-t670i","status":"publish","type":"product","link":"https:\/\/games.tactic.net\/da\/tuote\/john-deere-combine-harvester-t670i\/","title":{"rendered":"Bruder John Deere T670i Combine harvester toy"},"content":{"rendered":"<p>Sm\u00e5 landm\u00e6nd begejstres over, hvor nemt denne store mejet\u00e6rsker kan styres, og hvor sp\u00e6ndende det er at t\u00f8mme korntanken via udl\u00f8bsr\u00f8ret. Andre realistiske detaljer er bl.a. \u00e5bningsbar d\u00f8r til f\u00f8rerhuset, flere \u00e5bningsbare d\u00e6ksler, en aftagelig snitteenhed, niveaukorrigering m.m.<\/p>\n","protected":false},"excerpt":{"rendered":"<p>Sm\u00e5 landm\u00e6nd begejstres over, hvor nemt denne store mejet\u00e6rsker kan styres, og hvor sp\u00e6ndende det er at t\u00f8mme korntanken via udl\u00f8bsr\u00f8ret. Andre realistiske detaljer er bl.a. \u00e5bningsbar d\u00f8r til f\u00f8rerhuset, flere \u00e5bningsbare d\u00e6ksler, en aftagelig snitteenhed, niveaukorrigering m.m.<\/p>\n<p>&#8211; Ackerman-styring med pendulkompensation (direkte styredrev med r\u00f8dt h\u00e5ndtag)<br \/>\n &#8211; tr\u00e6kskobling<br \/>\n&#8211; Kornbeholder med selvfoldende d\u00e6k kan \u00e5bnes.<br \/>\n&#8211; Kornbeholder t\u00f8mmes via afl\u00f8bsr\u00f8r og manuel spindeldrev (r\u00f8dt h\u00e5ndtag); spindel kan afmonteres til reng\u00f8ring.<br \/>\n&#8211; Sk\u00e6reenhed med niveauregulering inkluderer penduloph\u00e6ng og kan afmonteres.<br \/>\n&#8211; 1 pose korngranulat medf\u00f8lger (Farve hvid)<\/p>\n","protected":false},"featured_media":0,"template":"","meta":{"content-type":"","_monsterinsights_skip_tracking":false,"_monsterinsights_sitenote_active":false,"_monsterinsights_sitenote_note":"","_monsterinsights_sitenote_category":0},"product_brand":[],"product_cat":[1498],"product_tag":[],"brand":[],"target-group":[],"discontinued":[],"class_list":{"0":"post-345683","1":"product","2":"type-product","3":"status-publish","5":"product_cat-bruder-legetoej","7":"first","8":"outofstock","9":"taxable","10":"shipping-taxable","11":"product-type-simple"},"aioseo_notices":[],"_links":{"self":[{"href":"https:\/\/games.tactic.net\/da\/wp-json\/wp\/v2\/product\/345683","targetHints":{"allow":["GET"]}}],"collection":[{"href":"https:\/\/games.tactic.net\/da\/wp-json\/wp\/v2\/product"}],"about":[{"href":"https:\/\/games.tactic.net\/da\/wp-json\/wp\/v2\/types\/product"}],"wp:attachment":[{"href":"https:\/\/games.tactic.net\/da\/wp-json\/wp\/v2\/media?parent=345683"}],"wp:term":[{"taxonomy":"product_brand","embeddable":true,"href":"https:\/\/games.tactic.net\/da\/wp-json\/wp\/v2\/product_brand?post=345683"},{"taxonomy":"product_cat","embeddable":true,"href":"https:\/\/games.tactic.net\/da\/wp-json\/wp\/v2\/product_cat?post=345683"},{"taxonomy":"product_tag","embeddable":true,"href":"https:\/\/games.tactic.net\/da\/wp-json\/wp\/v2\/product_tag?post=345683"},{"taxonomy":"brand","embeddable":true,"href":"https:\/\/games.tactic.net\/da\/wp-json\/wp\/v2\/brand?post=345683"},{"taxonomy":"target-group","embeddable":true,"href":"https:\/\/games.tactic.net\/da\/wp-json\/wp\/v2\/target-group?post=345683"},{"taxonomy":"discontinued","embeddable":true,"href":"https:\/\/games.tactic.net\/da\/wp-json\/wp\/v2\/discontinued?post=345683"}],"curies":[{"name":"wp","href":"https:\/\/api.w.org\/{rel}","templated":true}]}}