{"id":345625,"date":"2022-01-21T13:36:41","date_gmt":"2022-01-21T11:36:41","guid":{"rendered":"https:\/\/games.tactic.net\/tuote\/manitou-telescopic-forklift-mrt-2150-with-accessories\/"},"modified":"2023-10-20T16:43:38","modified_gmt":"2023-10-20T13:43:38","slug":"manitou-telescopic-forklift-mrt-2150-with-accessories","status":"publish","type":"product","link":"https:\/\/games.tactic.net\/da\/tuote\/manitou-telescopic-forklift-mrt-2150-with-accessories\/","title":{"rendered":"Bruder Manitou MRT 2150 telehandler toy"},"content":{"rendered":"<p>Manitou MRT 2150 teleskopl\u00e6sser er en alsidig entrepen\u00f8rmaskine, der bruges p\u00e5 byggepladser. Den kan flytte materiale n\u00e6sten overalt p\u00e5 omr\u00e5det. Gaffeltrucken har alle mulige funktioner som teleskoparm, justerbar grab og skovl samt meget mere sjovt.<\/p>\n","protected":false},"excerpt":{"rendered":"<p>Manitou MRT 2150 teleskopl\u00e6sser er en alsidig entrepen\u00f8rmaskine, der bruges p\u00e5 byggepladser. Den kan flytte materiale n\u00e6sten overalt p\u00e5 omr\u00e5det. Gaffeltrucken har alle mulige funktioner som teleskoparm, justerbar grab og skovl samt meget mere sjovt.<\/p>\n","protected":false},"featured_media":0,"template":"","meta":{"content-type":"","_monsterinsights_skip_tracking":false,"_monsterinsights_sitenote_active":false,"_monsterinsights_sitenote_note":"","_monsterinsights_sitenote_category":0},"product_brand":[],"product_cat":[1498],"product_tag":[],"brand":[],"target-group":[],"discontinued":[],"class_list":{"0":"post-345625","1":"product","2":"type-product","3":"status-publish","5":"product_cat-bruder-legetoej","7":"first","8":"instock","9":"taxable","10":"shipping-taxable","11":"product-type-simple"},"aioseo_notices":[],"_links":{"self":[{"href":"https:\/\/games.tactic.net\/da\/wp-json\/wp\/v2\/product\/345625","targetHints":{"allow":["GET"]}}],"collection":[{"href":"https:\/\/games.tactic.net\/da\/wp-json\/wp\/v2\/product"}],"about":[{"href":"https:\/\/games.tactic.net\/da\/wp-json\/wp\/v2\/types\/product"}],"wp:attachment":[{"href":"https:\/\/games.tactic.net\/da\/wp-json\/wp\/v2\/media?parent=345625"}],"wp:term":[{"taxonomy":"product_brand","embeddable":true,"href":"https:\/\/games.tactic.net\/da\/wp-json\/wp\/v2\/product_brand?post=345625"},{"taxonomy":"product_cat","embeddable":true,"href":"https:\/\/games.tactic.net\/da\/wp-json\/wp\/v2\/product_cat?post=345625"},{"taxonomy":"product_tag","embeddable":true,"href":"https:\/\/games.tactic.net\/da\/wp-json\/wp\/v2\/product_tag?post=345625"},{"taxonomy":"brand","embeddable":true,"href":"https:\/\/games.tactic.net\/da\/wp-json\/wp\/v2\/brand?post=345625"},{"taxonomy":"target-group","embeddable":true,"href":"https:\/\/games.tactic.net\/da\/wp-json\/wp\/v2\/target-group?post=345625"},{"taxonomy":"discontinued","embeddable":true,"href":"https:\/\/games.tactic.net\/da\/wp-json\/wp\/v2\/discontinued?post=345625"}],"curies":[{"name":"wp","href":"https:\/\/api.w.org\/{rel}","templated":true}]}}