{"id":345596,"date":"2022-01-21T13:36:31","date_gmt":"2022-01-21T11:36:31","guid":{"rendered":"https:\/\/games.tactic.net\/tuote\/strautmann-verti-mix-1050-fodder-mixer\/"},"modified":"2023-10-20T17:04:35","modified_gmt":"2023-10-20T14:04:35","slug":"strautmann-verti-mix-1050-fodder-mixer","status":"publish","type":"product","link":"https:\/\/games.tactic.net\/da\/tuote\/strautmann-verti-mix-1050-fodder-mixer\/","title":{"rendered":"Bruder Strautmann Verti-Mix 1050 Fodder mixer toy"},"content":{"rendered":"<p>Plastsk\u00e6rene i Verti-Mix 1050 fodermikser kan rotere, og beholderens udl\u00f8bsspj\u00e6ld kan \u00e5bnes. Skr\u00e5remmen er fuldt funktionelt og det digitale display kan dreje rundt.<\/p>\n","protected":false},"excerpt":{"rendered":"<p>Plastsk\u00e6rene i Verti-Mix 1050 fodermikser kan rotere, og beholderens udl\u00f8bsspj\u00e6ld kan \u00e5bnes. Skr\u00e5remmen er fuldt funktionelt og det digitale display kan dreje rundt.<\/p>\n","protected":false},"featured_media":0,"template":"","meta":{"content-type":"","_monsterinsights_skip_tracking":false,"_monsterinsights_sitenote_active":false,"_monsterinsights_sitenote_note":"","_monsterinsights_sitenote_category":0},"product_brand":[],"product_cat":[1498],"product_tag":[],"brand":[],"target-group":[],"discontinued":[],"class_list":{"0":"post-345596","1":"product","2":"type-product","3":"status-publish","5":"product_cat-bruder-legetoej","7":"first","8":"instock","9":"taxable","10":"shipping-taxable","11":"product-type-simple"},"aioseo_notices":[],"_links":{"self":[{"href":"https:\/\/games.tactic.net\/da\/wp-json\/wp\/v2\/product\/345596","targetHints":{"allow":["GET"]}}],"collection":[{"href":"https:\/\/games.tactic.net\/da\/wp-json\/wp\/v2\/product"}],"about":[{"href":"https:\/\/games.tactic.net\/da\/wp-json\/wp\/v2\/types\/product"}],"wp:attachment":[{"href":"https:\/\/games.tactic.net\/da\/wp-json\/wp\/v2\/media?parent=345596"}],"wp:term":[{"taxonomy":"product_brand","embeddable":true,"href":"https:\/\/games.tactic.net\/da\/wp-json\/wp\/v2\/product_brand?post=345596"},{"taxonomy":"product_cat","embeddable":true,"href":"https:\/\/games.tactic.net\/da\/wp-json\/wp\/v2\/product_cat?post=345596"},{"taxonomy":"product_tag","embeddable":true,"href":"https:\/\/games.tactic.net\/da\/wp-json\/wp\/v2\/product_tag?post=345596"},{"taxonomy":"brand","embeddable":true,"href":"https:\/\/games.tactic.net\/da\/wp-json\/wp\/v2\/brand?post=345596"},{"taxonomy":"target-group","embeddable":true,"href":"https:\/\/games.tactic.net\/da\/wp-json\/wp\/v2\/target-group?post=345596"},{"taxonomy":"discontinued","embeddable":true,"href":"https:\/\/games.tactic.net\/da\/wp-json\/wp\/v2\/discontinued?post=345596"}],"curies":[{"name":"wp","href":"https:\/\/api.w.org\/{rel}","templated":true}]}}