{"id":345538,"date":"2022-01-21T13:36:10","date_gmt":"2022-01-21T11:36:10","guid":{"rendered":"https:\/\/games.tactic.net\/tuote\/bale-wrapper-with-ockery-and-black-round-bales\/"},"modified":"2023-10-20T15:27:24","modified_gmt":"2023-10-20T12:27:24","slug":"bale-wrapper-with-ockery-and-black-round-bales","status":"publish","type":"product","link":"https:\/\/games.tactic.net\/da\/tuote\/bale-wrapper-with-ockery-and-black-round-bales\/","title":{"rendered":"Bruder Bale wrapper with round bales toy"},"content":{"rendered":"<p>Ballen l\u00f8ftes op p\u00e5 det drejelige bord via frontl\u00e6sseren. Efter at l\u00e6ssevippen er s\u00e6nket, s\u00e6ttes det automatisk roterende drejebord i bev\u00e6gelse, hvilket simulerer indpakningsprocessen. Under indpakningen roteres rundballen videre til den mobile depotvippe. Medf\u00f8lger 2 stk rundballer. Balleindpakningen kan kombineres med Claas Rollant 250 rundballepresser [art. nr.: BR2121] og med alle traktorer i Profi-serien (medf\u00f8lger ikke).<\/p>\n","protected":false},"excerpt":{"rendered":"<p>Bruder balle wrapper \/ indpakker. Medf\u00f8lger 2 stk rundballer.<\/p>\n","protected":false},"featured_media":0,"template":"","meta":{"content-type":"","_monsterinsights_skip_tracking":false,"_monsterinsights_sitenote_active":false,"_monsterinsights_sitenote_note":"","_monsterinsights_sitenote_category":0},"product_brand":[],"product_cat":[1498],"product_tag":[],"brand":[],"target-group":[],"discontinued":[],"class_list":{"0":"post-345538","1":"product","2":"type-product","3":"status-publish","5":"product_cat-bruder-legetoej","7":"first","8":"outofstock","9":"taxable","10":"shipping-taxable","11":"product-type-simple"},"aioseo_notices":[],"_links":{"self":[{"href":"https:\/\/games.tactic.net\/da\/wp-json\/wp\/v2\/product\/345538","targetHints":{"allow":["GET"]}}],"collection":[{"href":"https:\/\/games.tactic.net\/da\/wp-json\/wp\/v2\/product"}],"about":[{"href":"https:\/\/games.tactic.net\/da\/wp-json\/wp\/v2\/types\/product"}],"wp:attachment":[{"href":"https:\/\/games.tactic.net\/da\/wp-json\/wp\/v2\/media?parent=345538"}],"wp:term":[{"taxonomy":"product_brand","embeddable":true,"href":"https:\/\/games.tactic.net\/da\/wp-json\/wp\/v2\/product_brand?post=345538"},{"taxonomy":"product_cat","embeddable":true,"href":"https:\/\/games.tactic.net\/da\/wp-json\/wp\/v2\/product_cat?post=345538"},{"taxonomy":"product_tag","embeddable":true,"href":"https:\/\/games.tactic.net\/da\/wp-json\/wp\/v2\/product_tag?post=345538"},{"taxonomy":"brand","embeddable":true,"href":"https:\/\/games.tactic.net\/da\/wp-json\/wp\/v2\/brand?post=345538"},{"taxonomy":"target-group","embeddable":true,"href":"https:\/\/games.tactic.net\/da\/wp-json\/wp\/v2\/target-group?post=345538"},{"taxonomy":"discontinued","embeddable":true,"href":"https:\/\/games.tactic.net\/da\/wp-json\/wp\/v2\/discontinued?post=345538"}],"curies":[{"name":"wp","href":"https:\/\/api.w.org\/{rel}","templated":true}]}}