{"id":345494,"date":"2022-01-21T13:35:51","date_gmt":"2022-01-21T11:35:51","guid":{"rendered":"https:\/\/games.tactic.net\/tuote\/claas-lexion-480-combine-harvester\/"},"modified":"2023-10-20T15:42:14","modified_gmt":"2023-10-20T12:42:14","slug":"claas-lexion-480-combine-harvester","status":"publish","type":"product","link":"https:\/\/games.tactic.net\/da\/tuote\/claas-lexion-480-combine-harvester\/","title":{"rendered":"Bruder Claas Lexion 480 Combine harvester toy"},"content":{"rendered":"<p>Mejet\u00e6rskerens bev\u00e6gelige, aftagelige del med tr\u00e6k-ind rulle kan vippes op og l\u00e5ses i fast position. Halmsk\u00e6reren kan ogs\u00e5 vippes op, og kornr\u00f8ret kan svinges ud. Lugen til kornet kan \u00e5bnes, rotationsfiltret kan svinges op, og den aftagelige s\u00e5enhed kan tr\u00e6kkes af den medf\u00f8lgende trailer.<\/p>\n","protected":false},"excerpt":{"rendered":"<p>Mejet\u00e6rskerens bev\u00e6gelige, aftagelige del med tr\u00e6k-ind rulle kan vippes op og l\u00e5ses i fast position. Halmsk\u00e6reren kan ogs\u00e5 vippes op, og kornr\u00f8ret kan svinges ud. Lugen til kornet kan \u00e5bnes, rotationsfiltret kan svinges op, og den aftagelige s\u00e5enhed kan tr\u00e6kkes af den medf\u00f8lgende trailer.<\/p>\n","protected":false},"featured_media":0,"template":"","meta":{"content-type":"","_monsterinsights_skip_tracking":false,"_monsterinsights_sitenote_active":false,"_monsterinsights_sitenote_note":"","_monsterinsights_sitenote_category":0},"product_brand":[],"product_cat":[1498],"product_tag":[],"brand":[],"target-group":[],"discontinued":[],"class_list":{"0":"post-345494","1":"product","2":"type-product","3":"status-publish","5":"product_cat-bruder-legetoej","7":"first","8":"instock","9":"taxable","10":"shipping-taxable","11":"product-type-simple"},"aioseo_notices":[],"_links":{"self":[{"href":"https:\/\/games.tactic.net\/da\/wp-json\/wp\/v2\/product\/345494","targetHints":{"allow":["GET"]}}],"collection":[{"href":"https:\/\/games.tactic.net\/da\/wp-json\/wp\/v2\/product"}],"about":[{"href":"https:\/\/games.tactic.net\/da\/wp-json\/wp\/v2\/types\/product"}],"wp:attachment":[{"href":"https:\/\/games.tactic.net\/da\/wp-json\/wp\/v2\/media?parent=345494"}],"wp:term":[{"taxonomy":"product_brand","embeddable":true,"href":"https:\/\/games.tactic.net\/da\/wp-json\/wp\/v2\/product_brand?post=345494"},{"taxonomy":"product_cat","embeddable":true,"href":"https:\/\/games.tactic.net\/da\/wp-json\/wp\/v2\/product_cat?post=345494"},{"taxonomy":"product_tag","embeddable":true,"href":"https:\/\/games.tactic.net\/da\/wp-json\/wp\/v2\/product_tag?post=345494"},{"taxonomy":"brand","embeddable":true,"href":"https:\/\/games.tactic.net\/da\/wp-json\/wp\/v2\/brand?post=345494"},{"taxonomy":"target-group","embeddable":true,"href":"https:\/\/games.tactic.net\/da\/wp-json\/wp\/v2\/target-group?post=345494"},{"taxonomy":"discontinued","embeddable":true,"href":"https:\/\/games.tactic.net\/da\/wp-json\/wp\/v2\/discontinued?post=345494"}],"curies":[{"name":"wp","href":"https:\/\/api.w.org\/{rel}","templated":true}]}}