{"id":345465,"date":"2022-01-21T13:35:41","date_gmt":"2022-01-21T11:35:41","guid":{"rendered":"https:\/\/games.tactic.net\/tuote\/claas-lexion-780-terra-trac-combine-harvester\/"},"modified":"2025-01-13T09:43:56","modified_gmt":"2025-01-13T07:43:56","slug":"claas-lexion-780-terra-trac-combine-harvester","status":"archive","type":"product","link":"https:\/\/games.tactic.net\/da\/tuote\/claas-lexion-780-terra-trac-combine-harvester\/","title":{"rendered":"Bruder Claas Lexion 780 Terra Trac Combine harvester toy"},"content":{"rendered":"<p>Den kombinerede mejet\u00e6rskers mange funktioner, st\u00f8rrelsen og kapaciteten garanterer en masse sjov leg. Den fuldt fungerende mejet\u00e6rsker med robuste b\u00e6lter er let at h\u00e5ndtere. Sk\u00e6reenheden kan ogs\u00e5 bruges offroad og har automatisk niveauregulering. Tromlen er friktionsdrevet, og korntanken t\u00f8mmes gennem en t\u00f8mmesnegl med manuelt spindeldrev. Der medf\u00f8lger ogs\u00e5 andre specielle funktioner, som giver ekstra morskab.<\/p>\n","protected":false},"excerpt":{"rendered":"<p>Den kombinerede mejet\u00e6rskers mange funktioner, st\u00f8rrelsen og kapaciteten garanterer en masse sjov leg. Den fuldt fungerende mejet\u00e6rsker med robuste b\u00e6lter er let at h\u00e5ndtere. Sk\u00e6reenheden kan ogs\u00e5 bruges offroad og har automatisk niveauregulering. Tromlen er friktionsdrevet, og korntanken t\u00f8mmes gennem en t\u00f8mmesnegl med manuelt spindeldrev. Der medf\u00f8lger ogs\u00e5 andre specielle funktioner, som giver ekstra morskab.<\/p>\n","protected":false},"featured_media":0,"template":"","meta":{"content-type":"","_monsterinsights_skip_tracking":false,"_monsterinsights_sitenote_active":false,"_monsterinsights_sitenote_note":"","_monsterinsights_sitenote_category":0},"product_brand":[],"product_cat":[1498],"product_tag":[],"brand":[],"target-group":[],"discontinued":[],"class_list":{"0":"post-345465","1":"product","2":"type-product","3":"status-archive","5":"product_cat-bruder-legetoej","7":"first","8":"outofstock","9":"taxable","10":"shipping-taxable","11":"product-type-simple"},"aioseo_notices":[],"_links":{"self":[{"href":"https:\/\/games.tactic.net\/da\/wp-json\/wp\/v2\/product\/345465","targetHints":{"allow":["GET"]}}],"collection":[{"href":"https:\/\/games.tactic.net\/da\/wp-json\/wp\/v2\/product"}],"about":[{"href":"https:\/\/games.tactic.net\/da\/wp-json\/wp\/v2\/types\/product"}],"wp:attachment":[{"href":"https:\/\/games.tactic.net\/da\/wp-json\/wp\/v2\/media?parent=345465"}],"wp:term":[{"taxonomy":"product_brand","embeddable":true,"href":"https:\/\/games.tactic.net\/da\/wp-json\/wp\/v2\/product_brand?post=345465"},{"taxonomy":"product_cat","embeddable":true,"href":"https:\/\/games.tactic.net\/da\/wp-json\/wp\/v2\/product_cat?post=345465"},{"taxonomy":"product_tag","embeddable":true,"href":"https:\/\/games.tactic.net\/da\/wp-json\/wp\/v2\/product_tag?post=345465"},{"taxonomy":"brand","embeddable":true,"href":"https:\/\/games.tactic.net\/da\/wp-json\/wp\/v2\/brand?post=345465"},{"taxonomy":"target-group","embeddable":true,"href":"https:\/\/games.tactic.net\/da\/wp-json\/wp\/v2\/target-group?post=345465"},{"taxonomy":"discontinued","embeddable":true,"href":"https:\/\/games.tactic.net\/da\/wp-json\/wp\/v2\/discontinued?post=345465"}],"curies":[{"name":"wp","href":"https:\/\/api.w.org\/{rel}","templated":true}]}}