{"id":345436,"date":"2022-01-21T13:35:30","date_gmt":"2022-01-21T11:35:30","guid":{"rendered":"https:\/\/games.tactic.net\/tuote\/claas-nectis-267-f-with-frontloader-and-tipping-trailer\/"},"modified":"2023-10-20T15:43:36","modified_gmt":"2023-10-20T12:43:36","slug":"claas-nectis-267-f-with-frontloader-and-tipping-trailer","status":"publish","type":"product","link":"https:\/\/games.tactic.net\/da\/tuote\/claas-nectis-267-f-with-frontloader-and-tipping-trailer\/","title":{"rendered":"Bruder Claas Nectis 267 F tractor with frontloader and tipping trailer toy"},"content":{"rendered":"<p>Denne Claas Nectis 267 F fra specialisten p\u00e5 store arealer er udstyret med en lille letv\u00e6gts tipvogn s\u00e5vel som en aftagelig frontl\u00e6sser, hvilket g\u00f8r legen endnu sjovere.<\/p>\n","protected":false},"excerpt":{"rendered":"<p>Denne Claas Nectis 267 F fra specialisten p\u00e5 store arealer er udstyret med en lille letv\u00e6gts tipvogn s\u00e5vel som en aftagelig frontl\u00e6sser, hvilket g\u00f8r legen endnu sjovere.<\/p>\n","protected":false},"featured_media":0,"template":"","meta":{"content-type":"","_monsterinsights_skip_tracking":false,"_monsterinsights_sitenote_active":false,"_monsterinsights_sitenote_note":"","_monsterinsights_sitenote_category":0},"product_brand":[],"product_cat":[1498],"product_tag":[],"brand":[],"target-group":[],"discontinued":[],"class_list":{"0":"post-345436","1":"product","2":"type-product","3":"status-publish","5":"product_cat-bruder-legetoej","7":"first","8":"instock","9":"taxable","10":"shipping-taxable","11":"product-type-simple"},"aioseo_notices":[],"_links":{"self":[{"href":"https:\/\/games.tactic.net\/da\/wp-json\/wp\/v2\/product\/345436","targetHints":{"allow":["GET"]}}],"collection":[{"href":"https:\/\/games.tactic.net\/da\/wp-json\/wp\/v2\/product"}],"about":[{"href":"https:\/\/games.tactic.net\/da\/wp-json\/wp\/v2\/types\/product"}],"wp:attachment":[{"href":"https:\/\/games.tactic.net\/da\/wp-json\/wp\/v2\/media?parent=345436"}],"wp:term":[{"taxonomy":"product_brand","embeddable":true,"href":"https:\/\/games.tactic.net\/da\/wp-json\/wp\/v2\/product_brand?post=345436"},{"taxonomy":"product_cat","embeddable":true,"href":"https:\/\/games.tactic.net\/da\/wp-json\/wp\/v2\/product_cat?post=345436"},{"taxonomy":"product_tag","embeddable":true,"href":"https:\/\/games.tactic.net\/da\/wp-json\/wp\/v2\/product_tag?post=345436"},{"taxonomy":"brand","embeddable":true,"href":"https:\/\/games.tactic.net\/da\/wp-json\/wp\/v2\/brand?post=345436"},{"taxonomy":"target-group","embeddable":true,"href":"https:\/\/games.tactic.net\/da\/wp-json\/wp\/v2\/target-group?post=345436"},{"taxonomy":"discontinued","embeddable":true,"href":"https:\/\/games.tactic.net\/da\/wp-json\/wp\/v2\/discontinued?post=345436"}],"curies":[{"name":"wp","href":"https:\/\/api.w.org\/{rel}","templated":true}]}}