{"id":345378,"date":"2022-01-21T13:35:10","date_gmt":"2022-01-21T11:35:10","guid":{"rendered":"https:\/\/games.tactic.net\/tuote\/john-deere-5115-m\/"},"modified":"2023-10-20T16:02:36","modified_gmt":"2023-10-20T13:02:36","slug":"john-deere-5115-m","status":"publish","type":"product","link":"https:\/\/games.tactic.net\/da\/tuote\/john-deere-5115-m\/","title":{"rendered":"Bruder John Deere 5115M tractor toy"},"content":{"rendered":"<p>Som et supplement til de mange John Deere-produkter i det omfattende BRUDER-sortiment findes nu ogs\u00e5 John Deere 5115M. Modellen fra 5M-traktorserien imponerer is\u00e6r med sine detaljerede funktioner, kompakte m\u00e5l og smidighed.<\/p>\n<p>Dens s\u00e6rligt gode man\u00f8vreevne g\u00f8r det muligt at arbejde perfekt p\u00e5 trange omr\u00e5der eller nemt parkere den i bworld-maskinhallen. Den store og overskuelige kabine er tilpasset bworld-figurer og g\u00f8r det muligt at styre traktoren p\u00e5 en s\u00e6rlig god m\u00e5de.<\/p>\n<p>Ligesom alle andre traktorer i BRUDER-sortimentet kan John Deere 5115M styres med den ekstra styrestang efter, at den er placeret p\u00e5 det bev\u00e6gelige rat via det \u00e5bne tag. Modellen er i skala 1:16, hvilket giver mulighed for at skabe et s\u00e6rligt attraktivt legemilj\u00f8 med mange BRUDER-produkter.<\/p>\n<p>Den aftagelige frontv\u00e6gt i kombination med tr\u00e6kkrogen g\u00f8r det muligt at tilkoble et stort antal redskaber og trailere fra hele sortimentet. Den separat tilg\u00e6ngelige frontl\u00e6sser (varenr. 02319) udvider traktorens funktionalitet yderligere.<\/p>\n<p>John Deere 5115M er stjernen i den kompakte traktorklasse p\u00e5 g\u00e5rden. Den store kabine giver masser af plads til f\u00f8reren. Kraftig og effektiv motor. Alsidighed er dens kendetegn \u2013 uanset om traktoren transporterer varer p\u00e5 vej eller bruges med redskaber p\u00e5 marken, leverer den altid h\u00f8j ydeevne.<\/p>\n<p>Leget\u00f8jet er ikke anderledes. Som altid kombinerer den modelbaseret design med holdbarhed og alsidige funktioner, hvilket g\u00f8r den kompatibel med BRUDERs brede landbrugssortiment. Den er let at styre og kan desuden udstyres med frontl\u00e6sser. Denne attraktive og prisvenlige traktor er det ideelle supplement til bworld-temauniverset.<\/p>\n","protected":false},"excerpt":{"rendered":"<p>Automotive body: detachable front weight, receiver for front loader, standard front and rear coupling Chassis: steerable, off-road full floating axle, steerable and off-road front axle, tread tyres.<\/p>\n","protected":false},"featured_media":0,"template":"","meta":{"content-type":"","_monsterinsights_skip_tracking":false,"_monsterinsights_sitenote_active":false,"_monsterinsights_sitenote_note":"","_monsterinsights_sitenote_category":0},"product_brand":[],"product_cat":[1498],"product_tag":[],"brand":[],"target-group":[],"discontinued":[],"class_list":{"0":"post-345378","1":"product","2":"type-product","3":"status-publish","5":"product_cat-bruder-legetoej","7":"first","8":"instock","9":"taxable","10":"shipping-taxable","11":"product-type-simple"},"aioseo_notices":[],"_links":{"self":[{"href":"https:\/\/games.tactic.net\/da\/wp-json\/wp\/v2\/product\/345378","targetHints":{"allow":["GET"]}}],"collection":[{"href":"https:\/\/games.tactic.net\/da\/wp-json\/wp\/v2\/product"}],"about":[{"href":"https:\/\/games.tactic.net\/da\/wp-json\/wp\/v2\/types\/product"}],"wp:attachment":[{"href":"https:\/\/games.tactic.net\/da\/wp-json\/wp\/v2\/media?parent=345378"}],"wp:term":[{"taxonomy":"product_brand","embeddable":true,"href":"https:\/\/games.tactic.net\/da\/wp-json\/wp\/v2\/product_brand?post=345378"},{"taxonomy":"product_cat","embeddable":true,"href":"https:\/\/games.tactic.net\/da\/wp-json\/wp\/v2\/product_cat?post=345378"},{"taxonomy":"product_tag","embeddable":true,"href":"https:\/\/games.tactic.net\/da\/wp-json\/wp\/v2\/product_tag?post=345378"},{"taxonomy":"brand","embeddable":true,"href":"https:\/\/games.tactic.net\/da\/wp-json\/wp\/v2\/brand?post=345378"},{"taxonomy":"target-group","embeddable":true,"href":"https:\/\/games.tactic.net\/da\/wp-json\/wp\/v2\/target-group?post=345378"},{"taxonomy":"discontinued","embeddable":true,"href":"https:\/\/games.tactic.net\/da\/wp-json\/wp\/v2\/discontinued?post=345378"}],"curies":[{"name":"wp","href":"https:\/\/api.w.org\/{rel}","templated":true}]}}