{"id":345363,"date":"2022-01-21T13:35:01","date_gmt":"2022-01-21T11:35:01","guid":{"rendered":"https:\/\/games.tactic.net\/tuote\/fendt-209-s-with-tipping-trailer\/"},"modified":"2024-01-08T09:41:22","modified_gmt":"2024-01-08T07:41:22","slug":"fendt-209-s-with-tipping-trailer","status":"archive","type":"product","link":"https:\/\/games.tactic.net\/da\/tuote\/fendt-209-s-with-tipping-trailer\/","title":{"rendered":"Bruder Fendt 209 S with tipping trailer"},"content":{"rendered":"<p>Fendt 209 S med en lille trailer, som er nem at man\u00f8vrere. Det perfekte leget\u00f8j til sm\u00e5 landm\u00e6nd, som p\u00e5 autentisk m\u00e5de kan imitere det virkelige arbejde. Der er mange funktioner at lege med, fx sider som kan klappes ned.<\/p>\n","protected":false},"excerpt":{"rendered":"<p>Fendt 209 S med en lille trailer, som er nem at man\u00f8vrere. Det perfekte leget\u00f8j til sm\u00e5 landm\u00e6nd, som p\u00e5 autentisk m\u00e5de kan imitere det virkelige arbejde. Der er mange funktioner at lege med, fx sider som kan klappes ned.<\/p>\n","protected":false},"featured_media":0,"template":"","meta":{"content-type":"","_monsterinsights_skip_tracking":false,"_monsterinsights_sitenote_active":false,"_monsterinsights_sitenote_note":"","_monsterinsights_sitenote_category":0},"product_brand":[],"product_cat":[1498],"product_tag":[],"brand":[],"target-group":[],"discontinued":[],"class_list":{"0":"post-345363","1":"product","2":"type-product","3":"status-archive","5":"product_cat-bruder-legetoej","7":"first","8":"outofstock","9":"taxable","10":"shipping-taxable","11":"product-type-simple"},"aioseo_notices":[],"_links":{"self":[{"href":"https:\/\/games.tactic.net\/da\/wp-json\/wp\/v2\/product\/345363","targetHints":{"allow":["GET"]}}],"collection":[{"href":"https:\/\/games.tactic.net\/da\/wp-json\/wp\/v2\/product"}],"about":[{"href":"https:\/\/games.tactic.net\/da\/wp-json\/wp\/v2\/types\/product"}],"wp:attachment":[{"href":"https:\/\/games.tactic.net\/da\/wp-json\/wp\/v2\/media?parent=345363"}],"wp:term":[{"taxonomy":"product_brand","embeddable":true,"href":"https:\/\/games.tactic.net\/da\/wp-json\/wp\/v2\/product_brand?post=345363"},{"taxonomy":"product_cat","embeddable":true,"href":"https:\/\/games.tactic.net\/da\/wp-json\/wp\/v2\/product_cat?post=345363"},{"taxonomy":"product_tag","embeddable":true,"href":"https:\/\/games.tactic.net\/da\/wp-json\/wp\/v2\/product_tag?post=345363"},{"taxonomy":"brand","embeddable":true,"href":"https:\/\/games.tactic.net\/da\/wp-json\/wp\/v2\/brand?post=345363"},{"taxonomy":"target-group","embeddable":true,"href":"https:\/\/games.tactic.net\/da\/wp-json\/wp\/v2\/target-group?post=345363"},{"taxonomy":"discontinued","embeddable":true,"href":"https:\/\/games.tactic.net\/da\/wp-json\/wp\/v2\/discontinued?post=345363"}],"curies":[{"name":"wp","href":"https:\/\/api.w.org\/{rel}","templated":true}]}}