{"id":345320,"date":"2022-01-21T13:34:49","date_gmt":"2022-01-21T11:34:49","guid":{"rendered":"https:\/\/games.tactic.net\/tuote\/john-deere-6920-with-frontloader\/"},"modified":"2023-10-20T16:03:29","modified_gmt":"2023-10-20T13:03:29","slug":"john-deere-6920-with-frontloader","status":"publish","type":"product","link":"https:\/\/games.tactic.net\/da\/tuote\/john-deere-6920-with-frontloader\/","title":{"rendered":"Bruder John Deere 6920 tractor with frontloader toy"},"content":{"rendered":"<p>Den klassiske John Deere 6920 traktor er udstyret med en fuldt fungerende frontl\u00e6sser. Frontl\u00e6sseren kan nemt klikkes p\u00e5 og afmonteres igen ved at fjerne frontv\u00e6gten. Du kan \u00e5bne motorhjelmen for at kigge p\u00e5 motoren.<\/p>\n","protected":false},"excerpt":{"rendered":"<p>Den klassiske John Deere 6920 traktor er udstyret med en fuldt fungerende frontl\u00e6sser. Frontl\u00e6sseren kan nemt klikkes p\u00e5 og afmonteres igen ved at fjerne frontv\u00e6gten. Du kan \u00e5bne motorhjelmen for at kigge p\u00e5 motoren.<\/p>\n","protected":false},"featured_media":0,"template":"","meta":{"content-type":"","_monsterinsights_skip_tracking":false,"_monsterinsights_sitenote_active":false,"_monsterinsights_sitenote_note":"","_monsterinsights_sitenote_category":0},"product_brand":[],"product_cat":[1498],"product_tag":[],"brand":[],"target-group":[],"discontinued":[],"class_list":{"0":"post-345320","1":"product","2":"type-product","3":"status-publish","5":"product_cat-bruder-legetoej","7":"first","8":"instock","9":"taxable","10":"shipping-taxable","11":"product-type-simple"},"aioseo_notices":[],"_links":{"self":[{"href":"https:\/\/games.tactic.net\/da\/wp-json\/wp\/v2\/product\/345320","targetHints":{"allow":["GET"]}}],"collection":[{"href":"https:\/\/games.tactic.net\/da\/wp-json\/wp\/v2\/product"}],"about":[{"href":"https:\/\/games.tactic.net\/da\/wp-json\/wp\/v2\/types\/product"}],"wp:attachment":[{"href":"https:\/\/games.tactic.net\/da\/wp-json\/wp\/v2\/media?parent=345320"}],"wp:term":[{"taxonomy":"product_brand","embeddable":true,"href":"https:\/\/games.tactic.net\/da\/wp-json\/wp\/v2\/product_brand?post=345320"},{"taxonomy":"product_cat","embeddable":true,"href":"https:\/\/games.tactic.net\/da\/wp-json\/wp\/v2\/product_cat?post=345320"},{"taxonomy":"product_tag","embeddable":true,"href":"https:\/\/games.tactic.net\/da\/wp-json\/wp\/v2\/product_tag?post=345320"},{"taxonomy":"brand","embeddable":true,"href":"https:\/\/games.tactic.net\/da\/wp-json\/wp\/v2\/brand?post=345320"},{"taxonomy":"target-group","embeddable":true,"href":"https:\/\/games.tactic.net\/da\/wp-json\/wp\/v2\/target-group?post=345320"},{"taxonomy":"discontinued","embeddable":true,"href":"https:\/\/games.tactic.net\/da\/wp-json\/wp\/v2\/discontinued?post=345320"}],"curies":[{"name":"wp","href":"https:\/\/api.w.org\/{rel}","templated":true}]}}