{"id":345291,"date":"2022-01-21T13:34:38","date_gmt":"2022-01-21T11:34:38","guid":{"rendered":"https:\/\/games.tactic.net\/tuote\/massey-ferguson-7480-with-tipping-trailer\/"},"modified":"2023-10-20T16:44:53","modified_gmt":"2023-10-20T13:44:53","slug":"massey-ferguson-7480-with-tipping-trailer","status":"publish","type":"product","link":"https:\/\/games.tactic.net\/da\/tuote\/massey-ferguson-7480-with-tipping-trailer\/","title":{"rendered":"Bruder Massey Ferguson 7480 tractor with tipping trailer toy"},"content":{"rendered":"<p>Ligesom alle traktorer i Profi-serien, kan denne originale traktor ogs\u00e5 monteres med en clip-on frontl\u00e6sser og med dobbeltd\u00e6k (ingen af \u200b\u200bdem medf\u00f8lger). Motorblokken kan ses, n\u00e5r motorhjelmen \u00e5bnes. Offroad-forakslen kan styres direkte b\u00e5de via rattet i f\u00f8rerkabinen og via en lukket styrestangsforl\u00e6nger, som b\u00f8rnene kan s\u00e6tte ind p\u00e5 rattet gennem skydetaget i f\u00f8rerhuset. Stangsamlingen f\u00e5r bagklappen til at \u00e5bne automatisk, n\u00e5r truget tippes. \u00c5bningsstangenheden kan \u00e6ndres, s\u00e5 bagklappen forbliver lukket, n\u00e5r den tipper. Kornudl\u00f8bsskyderen kan \u00e5bnes. Tipvognen kan kombineres med alle traktorer i Profi-serien og MB Unimog [art. nr.: 02570\/08871].<\/p>\n","protected":false},"excerpt":{"rendered":"<p>Bruder Massey Ferguson 7480 traktor med trailer<\/p>\n","protected":false},"featured_media":0,"template":"","meta":{"content-type":"","_monsterinsights_skip_tracking":false,"_monsterinsights_sitenote_active":false,"_monsterinsights_sitenote_note":"","_monsterinsights_sitenote_category":0},"product_brand":[],"product_cat":[1498],"product_tag":[],"brand":[],"target-group":[],"discontinued":[],"class_list":{"0":"post-345291","1":"product","2":"type-product","3":"status-publish","5":"product_cat-bruder-legetoej","7":"first","8":"instock","9":"taxable","10":"shipping-taxable","11":"product-type-simple"},"aioseo_notices":[],"_links":{"self":[{"href":"https:\/\/games.tactic.net\/da\/wp-json\/wp\/v2\/product\/345291","targetHints":{"allow":["GET"]}}],"collection":[{"href":"https:\/\/games.tactic.net\/da\/wp-json\/wp\/v2\/product"}],"about":[{"href":"https:\/\/games.tactic.net\/da\/wp-json\/wp\/v2\/types\/product"}],"wp:attachment":[{"href":"https:\/\/games.tactic.net\/da\/wp-json\/wp\/v2\/media?parent=345291"}],"wp:term":[{"taxonomy":"product_brand","embeddable":true,"href":"https:\/\/games.tactic.net\/da\/wp-json\/wp\/v2\/product_brand?post=345291"},{"taxonomy":"product_cat","embeddable":true,"href":"https:\/\/games.tactic.net\/da\/wp-json\/wp\/v2\/product_cat?post=345291"},{"taxonomy":"product_tag","embeddable":true,"href":"https:\/\/games.tactic.net\/da\/wp-json\/wp\/v2\/product_tag?post=345291"},{"taxonomy":"brand","embeddable":true,"href":"https:\/\/games.tactic.net\/da\/wp-json\/wp\/v2\/brand?post=345291"},{"taxonomy":"target-group","embeddable":true,"href":"https:\/\/games.tactic.net\/da\/wp-json\/wp\/v2\/target-group?post=345291"},{"taxonomy":"discontinued","embeddable":true,"href":"https:\/\/games.tactic.net\/da\/wp-json\/wp\/v2\/discontinued?post=345291"}],"curies":[{"name":"wp","href":"https:\/\/api.w.org\/{rel}","templated":true}]}}