{"id":345233,"date":"2022-01-21T13:34:12","date_gmt":"2022-01-21T11:34:12","guid":{"rendered":"https:\/\/games.tactic.net\/tuote\/lemken-solitair-9-sowing-combination\/"},"modified":"2023-10-20T16:12:32","modified_gmt":"2023-10-20T13:12:32","slug":"lemken-solitair-9-sowing-combination","status":"publish","type":"product","link":"https:\/\/games.tactic.net\/da\/tuote\/lemken-solitair-9-sowing-combination\/","title":{"rendered":"Bruder LEMKEN Solitair 9 sowing combination toy"},"content":{"rendered":"<p>Det er tid til s\u00e5ning. S\u00e5maskinen har mange bev\u00e6gelige dele, som g\u00f8r legen mere sp\u00e6ndende; fr\u00f8beholder, foldbar trappe, harver, skivesk\u00e6r, slanger og meget mere.<\/p>\n","protected":false},"excerpt":{"rendered":"<p>Det er tid til s\u00e5ning. S\u00e5maskinen har mange bev\u00e6gelige dele, som g\u00f8r legen mere sp\u00e6ndende; fr\u00f8beholder, foldbar trappe, harver, skivesk\u00e6r, slanger og meget mere.<\/p>\n","protected":false},"featured_media":0,"template":"","meta":{"content-type":"","_monsterinsights_skip_tracking":false,"_monsterinsights_sitenote_active":false,"_monsterinsights_sitenote_note":"","_monsterinsights_sitenote_category":0},"product_brand":[],"product_cat":[1498],"product_tag":[],"brand":[],"target-group":[],"discontinued":[],"class_list":{"0":"post-345233","1":"product","2":"type-product","3":"status-publish","5":"product_cat-bruder-legetoej","7":"first","8":"outofstock","9":"taxable","10":"shipping-taxable","11":"product-type-simple"},"aioseo_notices":[],"_links":{"self":[{"href":"https:\/\/games.tactic.net\/da\/wp-json\/wp\/v2\/product\/345233","targetHints":{"allow":["GET"]}}],"collection":[{"href":"https:\/\/games.tactic.net\/da\/wp-json\/wp\/v2\/product"}],"about":[{"href":"https:\/\/games.tactic.net\/da\/wp-json\/wp\/v2\/types\/product"}],"wp:attachment":[{"href":"https:\/\/games.tactic.net\/da\/wp-json\/wp\/v2\/media?parent=345233"}],"wp:term":[{"taxonomy":"product_brand","embeddable":true,"href":"https:\/\/games.tactic.net\/da\/wp-json\/wp\/v2\/product_brand?post=345233"},{"taxonomy":"product_cat","embeddable":true,"href":"https:\/\/games.tactic.net\/da\/wp-json\/wp\/v2\/product_cat?post=345233"},{"taxonomy":"product_tag","embeddable":true,"href":"https:\/\/games.tactic.net\/da\/wp-json\/wp\/v2\/product_tag?post=345233"},{"taxonomy":"brand","embeddable":true,"href":"https:\/\/games.tactic.net\/da\/wp-json\/wp\/v2\/brand?post=345233"},{"taxonomy":"target-group","embeddable":true,"href":"https:\/\/games.tactic.net\/da\/wp-json\/wp\/v2\/target-group?post=345233"},{"taxonomy":"discontinued","embeddable":true,"href":"https:\/\/games.tactic.net\/da\/wp-json\/wp\/v2\/discontinued?post=345233"}],"curies":[{"name":"wp","href":"https:\/\/api.w.org\/{rel}","templated":true}]}}