{"id":345147,"date":"2022-01-21T13:34:01","date_gmt":"2022-01-21T11:34:01","guid":{"rendered":"https:\/\/games.tactic.net\/tuote\/fliegl-barrel-trailer-with-spread-tubes\/"},"modified":"2023-10-20T15:52:18","modified_gmt":"2023-10-20T12:52:18","slug":"fliegl-barrel-trailer-with-spread-tubes","status":"publish","type":"product","link":"https:\/\/games.tactic.net\/da\/tuote\/fliegl-barrel-trailer-with-spread-tubes\/","title":{"rendered":"Bruder Fliegl barrel trailer with spread tubes toy"},"content":{"rendered":"<p>Gyllevognen med spredebom fra Fliegl kan fyldes med vand og lukkes med et d\u00e6ksel. Gyllevognen t\u00f8mmes gennem udl\u00f8bsventilen. Spredebommene kan klappes op under k\u00f8rsel.<\/p>\n","protected":false},"excerpt":{"rendered":"<p>Gyllevognen med spredebom fra Fliegl kan fyldes med vand og lukkes med et d\u00e6ksel. Gyllevognen t\u00f8mmes gennem udl\u00f8bsventilen. Spredebommene kan klappes op under k\u00f8rsel.<\/p>\n","protected":false},"featured_media":0,"template":"","meta":{"content-type":"","_monsterinsights_skip_tracking":false,"_monsterinsights_sitenote_active":false,"_monsterinsights_sitenote_note":"","_monsterinsights_sitenote_category":0},"product_brand":[],"product_cat":[1498],"product_tag":[],"brand":[],"target-group":[],"discontinued":[],"class_list":{"0":"post-345147","1":"product","2":"type-product","3":"status-publish","5":"product_cat-bruder-legetoej","7":"first","8":"outofstock","9":"taxable","10":"shipping-taxable","11":"product-type-simple"},"aioseo_notices":[],"_links":{"self":[{"href":"https:\/\/games.tactic.net\/da\/wp-json\/wp\/v2\/product\/345147","targetHints":{"allow":["GET"]}}],"collection":[{"href":"https:\/\/games.tactic.net\/da\/wp-json\/wp\/v2\/product"}],"about":[{"href":"https:\/\/games.tactic.net\/da\/wp-json\/wp\/v2\/types\/product"}],"wp:attachment":[{"href":"https:\/\/games.tactic.net\/da\/wp-json\/wp\/v2\/media?parent=345147"}],"wp:term":[{"taxonomy":"product_brand","embeddable":true,"href":"https:\/\/games.tactic.net\/da\/wp-json\/wp\/v2\/product_brand?post=345147"},{"taxonomy":"product_cat","embeddable":true,"href":"https:\/\/games.tactic.net\/da\/wp-json\/wp\/v2\/product_cat?post=345147"},{"taxonomy":"product_tag","embeddable":true,"href":"https:\/\/games.tactic.net\/da\/wp-json\/wp\/v2\/product_tag?post=345147"},{"taxonomy":"brand","embeddable":true,"href":"https:\/\/games.tactic.net\/da\/wp-json\/wp\/v2\/brand?post=345147"},{"taxonomy":"target-group","embeddable":true,"href":"https:\/\/games.tactic.net\/da\/wp-json\/wp\/v2\/target-group?post=345147"},{"taxonomy":"discontinued","embeddable":true,"href":"https:\/\/games.tactic.net\/da\/wp-json\/wp\/v2\/discontinued?post=345147"}],"curies":[{"name":"wp","href":"https:\/\/api.w.org\/{rel}","templated":true}]}}