{"id":345089,"date":"2022-01-21T13:33:37","date_gmt":"2022-01-21T11:33:37","guid":{"rendered":"https:\/\/games.tactic.net\/tuote\/john-deere-big-balepress\/"},"modified":"2023-10-20T16:05:06","modified_gmt":"2023-10-20T13:05:06","slug":"john-deere-big-balepress","status":"publish","type":"product","link":"https:\/\/games.tactic.net\/da\/tuote\/john-deere-big-balepress\/","title":{"rendered":"Bruder John Deere big balepress toy"},"content":{"rendered":"<p>Den store halmpresser er perfekt til h\u00f8sten. N\u00e5r vognen k\u00f8rer samles h\u00f8et og sendes ned ad rampen, som du ogs\u00e5 kan vippe op. Skub st\u00f8ttebenet ned for bedre stabilitet.<\/p>\n","protected":false},"excerpt":{"rendered":"<p>Den store halmpresser er perfekt til h\u00f8sten. N\u00e5r vognen k\u00f8rer samles h\u00f8et og sendes ned ad rampen, som du ogs\u00e5 kan vippe op. Skub st\u00f8ttebenet ned for bedre stabilitet.<\/p>\n","protected":false},"featured_media":0,"template":"","meta":{"content-type":"","_monsterinsights_skip_tracking":false,"_monsterinsights_sitenote_active":false,"_monsterinsights_sitenote_note":"","_monsterinsights_sitenote_category":0},"product_brand":[],"product_cat":[1498],"product_tag":[],"brand":[],"target-group":[],"discontinued":[],"class_list":{"0":"post-345089","1":"product","2":"type-product","3":"status-publish","5":"product_cat-bruder-legetoej","7":"first","8":"instock","9":"taxable","10":"shipping-taxable","11":"product-type-simple"},"aioseo_notices":[],"_links":{"self":[{"href":"https:\/\/games.tactic.net\/da\/wp-json\/wp\/v2\/product\/345089","targetHints":{"allow":["GET"]}}],"collection":[{"href":"https:\/\/games.tactic.net\/da\/wp-json\/wp\/v2\/product"}],"about":[{"href":"https:\/\/games.tactic.net\/da\/wp-json\/wp\/v2\/types\/product"}],"wp:attachment":[{"href":"https:\/\/games.tactic.net\/da\/wp-json\/wp\/v2\/media?parent=345089"}],"wp:term":[{"taxonomy":"product_brand","embeddable":true,"href":"https:\/\/games.tactic.net\/da\/wp-json\/wp\/v2\/product_brand?post=345089"},{"taxonomy":"product_cat","embeddable":true,"href":"https:\/\/games.tactic.net\/da\/wp-json\/wp\/v2\/product_cat?post=345089"},{"taxonomy":"product_tag","embeddable":true,"href":"https:\/\/games.tactic.net\/da\/wp-json\/wp\/v2\/product_tag?post=345089"},{"taxonomy":"brand","embeddable":true,"href":"https:\/\/games.tactic.net\/da\/wp-json\/wp\/v2\/brand?post=345089"},{"taxonomy":"target-group","embeddable":true,"href":"https:\/\/games.tactic.net\/da\/wp-json\/wp\/v2\/target-group?post=345089"},{"taxonomy":"discontinued","embeddable":true,"href":"https:\/\/games.tactic.net\/da\/wp-json\/wp\/v2\/discontinued?post=345089"}],"curies":[{"name":"wp","href":"https:\/\/api.w.org\/{rel}","templated":true}]}}