{"id":345060,"date":"2022-01-21T13:33:25","date_gmt":"2022-01-21T11:33:25","guid":{"rendered":"https:\/\/games.tactic.net\/tuote\/tipping-trailer-with-removable-top\/"},"modified":"2023-10-20T17:06:14","modified_gmt":"2023-10-20T14:06:14","slug":"tipping-trailer-with-removable-top","status":"publish","type":"product","link":"https:\/\/games.tactic.net\/da\/tuote\/tipping-trailer-with-removable-top\/","title":{"rendered":"Bruder Tipping trailer with removable top toy"},"content":{"rendered":"<p>Tre af tipvognens sider kan \u00e5bnes. Du kan ogs\u00e5 \u00e5bne kornspj\u00e6ldet og fjerne de \u00f8verste l\u00e5ger. Et st\u00f8tteben s\u00f8rger for god stabilitet, og profild\u00e6k fuldender produktet.<\/p>\n","protected":false},"excerpt":{"rendered":"<p>Tre af tipvognens sider kan \u00e5bnes. Du kan ogs\u00e5 \u00e5bne kornspj\u00e6ldet og fjerne de \u00f8verste l\u00e5ger. Et st\u00f8tteben s\u00f8rger for god stabilitet, og profild\u00e6k fuldender produktet.<\/p>\n","protected":false},"featured_media":0,"template":"","meta":{"content-type":"","_monsterinsights_skip_tracking":false,"_monsterinsights_sitenote_active":false,"_monsterinsights_sitenote_note":"","_monsterinsights_sitenote_category":0},"product_brand":[],"product_cat":[1498],"product_tag":[],"brand":[],"target-group":[],"discontinued":[],"class_list":{"0":"post-345060","1":"product","2":"type-product","3":"status-publish","5":"product_cat-bruder-legetoej","7":"first","8":"outofstock","9":"taxable","10":"shipping-taxable","11":"product-type-simple"},"aioseo_notices":[],"_links":{"self":[{"href":"https:\/\/games.tactic.net\/da\/wp-json\/wp\/v2\/product\/345060","targetHints":{"allow":["GET"]}}],"collection":[{"href":"https:\/\/games.tactic.net\/da\/wp-json\/wp\/v2\/product"}],"about":[{"href":"https:\/\/games.tactic.net\/da\/wp-json\/wp\/v2\/types\/product"}],"wp:attachment":[{"href":"https:\/\/games.tactic.net\/da\/wp-json\/wp\/v2\/media?parent=345060"}],"wp:term":[{"taxonomy":"product_brand","embeddable":true,"href":"https:\/\/games.tactic.net\/da\/wp-json\/wp\/v2\/product_brand?post=345060"},{"taxonomy":"product_cat","embeddable":true,"href":"https:\/\/games.tactic.net\/da\/wp-json\/wp\/v2\/product_cat?post=345060"},{"taxonomy":"product_tag","embeddable":true,"href":"https:\/\/games.tactic.net\/da\/wp-json\/wp\/v2\/product_tag?post=345060"},{"taxonomy":"brand","embeddable":true,"href":"https:\/\/games.tactic.net\/da\/wp-json\/wp\/v2\/brand?post=345060"},{"taxonomy":"target-group","embeddable":true,"href":"https:\/\/games.tactic.net\/da\/wp-json\/wp\/v2\/target-group?post=345060"},{"taxonomy":"discontinued","embeddable":true,"href":"https:\/\/games.tactic.net\/da\/wp-json\/wp\/v2\/discontinued?post=345060"}],"curies":[{"name":"wp","href":"https:\/\/api.w.org\/{rel}","templated":true}]}}