{"id":344945,"date":"2022-01-21T13:30:39","date_gmt":"2022-01-21T11:30:39","guid":{"rendered":"https:\/\/games.tactic.net\/tuote\/lumo-stars-nordlys\/"},"modified":"2022-01-26T10:30:17","modified_gmt":"2022-01-26T08:30:17","slug":"lumo-stars-nordlys","status":"publish","type":"product","link":"https:\/\/games.tactic.net\/da\/tuote\/lumo-stars-nordlys\/","title":{"rendered":"Lumo Stars Nordlys"},"content":{"rendered":"<p>Dyrene i det h\u00f8je nord lever i en verden fyldt med str\u00e5lende lys og mystisk m\u00f8rke. Denne fortryllende historie tager dig med p\u00e5 et eventyr sammen med nordens herlige dyr. Kan du se sporene i sneen? Kom, lad os f\u00f8lge dem!<\/p>\n","protected":false},"excerpt":{"rendered":"<p>Dyrene i det h\u00f8je nord lever i en verden fyldt med str\u00e5lende lys og mystisk m\u00f8rke. Denne fortryllende historie tager dig med p\u00e5 et eventyr sammen med nordens herlige dyr. Kan du se sporene i sneen? Kom, lad os f\u00f8lge dem!<\/p>\n","protected":false},"featured_media":0,"template":"","meta":{"content-type":"","_monsterinsights_skip_tracking":false,"_monsterinsights_sitenote_active":false,"_monsterinsights_sitenote_note":"","_monsterinsights_sitenote_category":0},"product_brand":[],"product_cat":[1689],"product_tag":[],"brand":[],"target-group":[],"discontinued":[],"class_list":{"0":"post-344945","1":"product","2":"type-product","3":"status-publish","5":"product_cat-historie-og-billedboeger","7":"first","8":"instock","9":"taxable","10":"shipping-taxable","11":"product-type-simple"},"aioseo_notices":[],"_links":{"self":[{"href":"https:\/\/games.tactic.net\/da\/wp-json\/wp\/v2\/product\/344945","targetHints":{"allow":["GET"]}}],"collection":[{"href":"https:\/\/games.tactic.net\/da\/wp-json\/wp\/v2\/product"}],"about":[{"href":"https:\/\/games.tactic.net\/da\/wp-json\/wp\/v2\/types\/product"}],"wp:attachment":[{"href":"https:\/\/games.tactic.net\/da\/wp-json\/wp\/v2\/media?parent=344945"}],"wp:term":[{"taxonomy":"product_brand","embeddable":true,"href":"https:\/\/games.tactic.net\/da\/wp-json\/wp\/v2\/product_brand?post=344945"},{"taxonomy":"product_cat","embeddable":true,"href":"https:\/\/games.tactic.net\/da\/wp-json\/wp\/v2\/product_cat?post=344945"},{"taxonomy":"product_tag","embeddable":true,"href":"https:\/\/games.tactic.net\/da\/wp-json\/wp\/v2\/product_tag?post=344945"},{"taxonomy":"brand","embeddable":true,"href":"https:\/\/games.tactic.net\/da\/wp-json\/wp\/v2\/brand?post=344945"},{"taxonomy":"target-group","embeddable":true,"href":"https:\/\/games.tactic.net\/da\/wp-json\/wp\/v2\/target-group?post=344945"},{"taxonomy":"discontinued","embeddable":true,"href":"https:\/\/games.tactic.net\/da\/wp-json\/wp\/v2\/discontinued?post=344945"}],"curies":[{"name":"wp","href":"https:\/\/api.w.org\/{rel}","templated":true}]}}