{"id":344858,"date":"2022-01-21T13:29:37","date_gmt":"2022-01-21T11:29:37","guid":{"rendered":"https:\/\/games.tactic.net\/tuote\/soede-bondegaardsdyr\/"},"modified":"2022-05-19T14:41:20","modified_gmt":"2022-05-19T11:41:20","slug":"soede-bondegaardsdyr","status":"publish","type":"product","link":"https:\/\/games.tactic.net\/da\/tuote\/soede-bondegaardsdyr\/","title":{"rendered":"Tactic S\u00f8de bondeg\u00e5rdsdyr aktivitets- og klisterm\u00e6rkebog"},"content":{"rendered":"<p>Lad os tage en tur p\u00e5 bondeg\u00e5rden! Her er grise, k\u00f8er, heste og f\u00e5r\u2026 du f\u00e5r 32 sider af sjov med dyrene.<\/p>\n","protected":false},"excerpt":{"rendered":"<p>Lad os tage en tur p\u00e5 bondeg\u00e5rden! Her er grise, k\u00f8er, heste og f\u00e5r\u2026 du f\u00e5r 32 sider af sjov med dyrene.<\/p>\n","protected":false},"featured_media":0,"template":"","meta":{"content-type":"","_monsterinsights_skip_tracking":false,"_monsterinsights_sitenote_active":false,"_monsterinsights_sitenote_note":"","_monsterinsights_sitenote_category":0},"product_brand":[],"product_cat":[1688],"product_tag":[],"brand":[],"target-group":[],"discontinued":[],"class_list":{"0":"post-344858","1":"product","2":"type-product","3":"status-publish","5":"product_cat-klistermaerke-samleboeger","7":"first","8":"instock","9":"taxable","10":"shipping-taxable","11":"product-type-simple"},"aioseo_notices":[],"_links":{"self":[{"href":"https:\/\/games.tactic.net\/da\/wp-json\/wp\/v2\/product\/344858","targetHints":{"allow":["GET"]}}],"collection":[{"href":"https:\/\/games.tactic.net\/da\/wp-json\/wp\/v2\/product"}],"about":[{"href":"https:\/\/games.tactic.net\/da\/wp-json\/wp\/v2\/types\/product"}],"wp:attachment":[{"href":"https:\/\/games.tactic.net\/da\/wp-json\/wp\/v2\/media?parent=344858"}],"wp:term":[{"taxonomy":"product_brand","embeddable":true,"href":"https:\/\/games.tactic.net\/da\/wp-json\/wp\/v2\/product_brand?post=344858"},{"taxonomy":"product_cat","embeddable":true,"href":"https:\/\/games.tactic.net\/da\/wp-json\/wp\/v2\/product_cat?post=344858"},{"taxonomy":"product_tag","embeddable":true,"href":"https:\/\/games.tactic.net\/da\/wp-json\/wp\/v2\/product_tag?post=344858"},{"taxonomy":"brand","embeddable":true,"href":"https:\/\/games.tactic.net\/da\/wp-json\/wp\/v2\/brand?post=344858"},{"taxonomy":"target-group","embeddable":true,"href":"https:\/\/games.tactic.net\/da\/wp-json\/wp\/v2\/target-group?post=344858"},{"taxonomy":"discontinued","embeddable":true,"href":"https:\/\/games.tactic.net\/da\/wp-json\/wp\/v2\/discontinued?post=344858"}],"curies":[{"name":"wp","href":"https:\/\/api.w.org\/{rel}","templated":true}]}}