{"id":344843,"date":"2022-01-21T13:29:15","date_gmt":"2022-01-21T11:29:15","guid":{"rendered":"https:\/\/games.tactic.net\/tuote\/flotte-biler-og-maskiner\/"},"modified":"2022-05-19T14:37:00","modified_gmt":"2022-05-19T11:37:00","slug":"flotte-biler-og-maskiner","status":"publish","type":"product","link":"https:\/\/games.tactic.net\/da\/tuote\/flotte-biler-og-maskiner\/","title":{"rendered":"Tactic Flotte biler og maskiner aktivitets- og klisterm\u00e6rkebog"},"content":{"rendered":"<p>S\u00e5 er det bare at sp\u00e6nde sikkerhedsselen og g\u00e5 i gang med opgaverne i denne bog med klisterm\u00e6rker.<\/p>\n","protected":false},"excerpt":{"rendered":"<p>S\u00e5 er det bare at sp\u00e6nde sikkerhedsselen og g\u00e5 i gang med opgaverne i denne bog med klisterm\u00e6rker.<\/p>\n","protected":false},"featured_media":0,"template":"","meta":{"content-type":"","_monsterinsights_skip_tracking":false,"_monsterinsights_sitenote_active":false,"_monsterinsights_sitenote_note":"","_monsterinsights_sitenote_category":0},"product_brand":[],"product_cat":[1688],"product_tag":[],"brand":[],"target-group":[],"discontinued":[],"class_list":{"0":"post-344843","1":"product","2":"type-product","3":"status-publish","5":"product_cat-klistermaerke-samleboeger","7":"first","8":"instock","9":"taxable","10":"shipping-taxable","11":"product-type-simple"},"aioseo_notices":[],"_links":{"self":[{"href":"https:\/\/games.tactic.net\/da\/wp-json\/wp\/v2\/product\/344843","targetHints":{"allow":["GET"]}}],"collection":[{"href":"https:\/\/games.tactic.net\/da\/wp-json\/wp\/v2\/product"}],"about":[{"href":"https:\/\/games.tactic.net\/da\/wp-json\/wp\/v2\/types\/product"}],"wp:attachment":[{"href":"https:\/\/games.tactic.net\/da\/wp-json\/wp\/v2\/media?parent=344843"}],"wp:term":[{"taxonomy":"product_brand","embeddable":true,"href":"https:\/\/games.tactic.net\/da\/wp-json\/wp\/v2\/product_brand?post=344843"},{"taxonomy":"product_cat","embeddable":true,"href":"https:\/\/games.tactic.net\/da\/wp-json\/wp\/v2\/product_cat?post=344843"},{"taxonomy":"product_tag","embeddable":true,"href":"https:\/\/games.tactic.net\/da\/wp-json\/wp\/v2\/product_tag?post=344843"},{"taxonomy":"brand","embeddable":true,"href":"https:\/\/games.tactic.net\/da\/wp-json\/wp\/v2\/brand?post=344843"},{"taxonomy":"target-group","embeddable":true,"href":"https:\/\/games.tactic.net\/da\/wp-json\/wp\/v2\/target-group?post=344843"},{"taxonomy":"discontinued","embeddable":true,"href":"https:\/\/games.tactic.net\/da\/wp-json\/wp\/v2\/discontinued?post=344843"}],"curies":[{"name":"wp","href":"https:\/\/api.w.org\/{rel}","templated":true}]}}