{"id":344641,"date":"2022-01-21T13:26:33","date_gmt":"2022-01-21T11:26:33","guid":{"rendered":"https:\/\/games.tactic.net\/tuote\/koeretoejer-min-foerste-pegebog\/"},"modified":"2022-01-21T13:26:33","modified_gmt":"2022-01-21T11:26:33","slug":"koeretoejer-min-foerste-pegebog","status":"publish","type":"product","link":"https:\/\/games.tactic.net\/da\/tuote\/koeretoejer-min-foerste-pegebog\/","title":{"rendered":"Tactic K\u00f8ret\u00f8jer Min F\u00f8rste Pegebog"},"content":{"rendered":"<p>Ved du hvordan en scooter, en sportsvogn og en motorb\u00e5d ser ud? Kig p\u00e5 billederne og l\u00e6r k\u00f8ret\u00f8jernes navne.<\/p>\n","protected":false},"excerpt":{"rendered":"<p>Ved du hvordan en scooter, en sportsvogn og en motorb\u00e5d ser ud? Kig p\u00e5 billederne og l\u00e6r k\u00f8ret\u00f8jernes navne.<\/p>\n","protected":false},"featured_media":0,"template":"","meta":{"content-type":"","_monsterinsights_skip_tracking":false,"_monsterinsights_sitenote_active":false,"_monsterinsights_sitenote_note":"","_monsterinsights_sitenote_category":0},"product_brand":[],"product_cat":[1687],"product_tag":[],"brand":[],"target-group":[],"discontinued":[],"class_list":{"0":"post-344641","1":"product","2":"type-product","3":"status-publish","5":"product_cat-mine-foerste-boeger","7":"first","8":"instock","9":"taxable","10":"shipping-taxable","11":"product-type-simple"},"aioseo_notices":[],"_links":{"self":[{"href":"https:\/\/games.tactic.net\/da\/wp-json\/wp\/v2\/product\/344641","targetHints":{"allow":["GET"]}}],"collection":[{"href":"https:\/\/games.tactic.net\/da\/wp-json\/wp\/v2\/product"}],"about":[{"href":"https:\/\/games.tactic.net\/da\/wp-json\/wp\/v2\/types\/product"}],"wp:attachment":[{"href":"https:\/\/games.tactic.net\/da\/wp-json\/wp\/v2\/media?parent=344641"}],"wp:term":[{"taxonomy":"product_brand","embeddable":true,"href":"https:\/\/games.tactic.net\/da\/wp-json\/wp\/v2\/product_brand?post=344641"},{"taxonomy":"product_cat","embeddable":true,"href":"https:\/\/games.tactic.net\/da\/wp-json\/wp\/v2\/product_cat?post=344641"},{"taxonomy":"product_tag","embeddable":true,"href":"https:\/\/games.tactic.net\/da\/wp-json\/wp\/v2\/product_tag?post=344641"},{"taxonomy":"brand","embeddable":true,"href":"https:\/\/games.tactic.net\/da\/wp-json\/wp\/v2\/brand?post=344641"},{"taxonomy":"target-group","embeddable":true,"href":"https:\/\/games.tactic.net\/da\/wp-json\/wp\/v2\/target-group?post=344641"},{"taxonomy":"discontinued","embeddable":true,"href":"https:\/\/games.tactic.net\/da\/wp-json\/wp\/v2\/discontinued?post=344641"}],"curies":[{"name":"wp","href":"https:\/\/api.w.org\/{rel}","templated":true}]}}