{"id":344611,"date":"2022-01-21T13:24:47","date_gmt":"2022-01-21T11:24:47","guid":{"rendered":"https:\/\/games.tactic.net\/tuote\/soede-dyr\/"},"modified":"2022-05-19T15:51:57","modified_gmt":"2022-05-19T12:51:57","slug":"soede-dyr","status":"publish","type":"product","link":"https:\/\/games.tactic.net\/da\/tuote\/soede-dyr\/","title":{"rendered":"Tactic S\u00f8de dyr"},"content":{"rendered":"<p>Disse sm\u00e5 b\u00f8ger har billeder af de yndigste dyreunger, du nogensinde har set. Dit barn vil elske dem.<\/p>\n","protected":false},"excerpt":{"rendered":"<p>Disse sm\u00e5 b\u00f8ger har billeder af de yndigste dyreunger, du nogensinde har set. Dit barn vil elske dem.<\/p>\n","protected":false},"featured_media":0,"template":"","meta":{"content-type":"","_monsterinsights_skip_tracking":false,"_monsterinsights_sitenote_active":false,"_monsterinsights_sitenote_note":"","_monsterinsights_sitenote_category":0},"product_brand":[],"product_cat":[1687],"product_tag":[],"brand":[],"target-group":[],"discontinued":[],"class_list":{"0":"post-344611","1":"product","2":"type-product","3":"status-publish","5":"product_cat-mine-foerste-boeger","7":"first","8":"instock","9":"taxable","10":"shipping-taxable","11":"product-type-simple"},"aioseo_notices":[],"_links":{"self":[{"href":"https:\/\/games.tactic.net\/da\/wp-json\/wp\/v2\/product\/344611","targetHints":{"allow":["GET"]}}],"collection":[{"href":"https:\/\/games.tactic.net\/da\/wp-json\/wp\/v2\/product"}],"about":[{"href":"https:\/\/games.tactic.net\/da\/wp-json\/wp\/v2\/types\/product"}],"wp:attachment":[{"href":"https:\/\/games.tactic.net\/da\/wp-json\/wp\/v2\/media?parent=344611"}],"wp:term":[{"taxonomy":"product_brand","embeddable":true,"href":"https:\/\/games.tactic.net\/da\/wp-json\/wp\/v2\/product_brand?post=344611"},{"taxonomy":"product_cat","embeddable":true,"href":"https:\/\/games.tactic.net\/da\/wp-json\/wp\/v2\/product_cat?post=344611"},{"taxonomy":"product_tag","embeddable":true,"href":"https:\/\/games.tactic.net\/da\/wp-json\/wp\/v2\/product_tag?post=344611"},{"taxonomy":"brand","embeddable":true,"href":"https:\/\/games.tactic.net\/da\/wp-json\/wp\/v2\/brand?post=344611"},{"taxonomy":"target-group","embeddable":true,"href":"https:\/\/games.tactic.net\/da\/wp-json\/wp\/v2\/target-group?post=344611"},{"taxonomy":"discontinued","embeddable":true,"href":"https:\/\/games.tactic.net\/da\/wp-json\/wp\/v2\/discontinued?post=344611"}],"curies":[{"name":"wp","href":"https:\/\/api.w.org\/{rel}","templated":true}]}}