{"id":344310,"date":"2022-01-21T13:21:52","date_gmt":"2022-01-21T11:21:52","guid":{"rendered":"https:\/\/games.tactic.net\/tuote\/jubii-sjov-med-tiden\/"},"modified":"2023-09-14T11:18:43","modified_gmt":"2023-09-14T08:18:43","slug":"jubii-sjov-med-tiden","status":"archive","type":"product","link":"https:\/\/games.tactic.net\/da\/tuote\/jubii-sjov-med-tiden\/","title":{"rendered":"Jubii! Sjov med tiden"},"content":{"rendered":"<p>L\u00e6r klokken sammen med mig og mine venner.<br \/>\nDu l\u00e6rer ogs\u00e5 andre m\u00e5der at m\u00e5le tid p\u00e5; tidspunkter<br \/>\np\u00e5 d\u00f8gnet og ugedage samt m\u00e5neder og \u00e5rstider.<br \/>\nDenne bog er perfekt til mindre skoleb\u00f8rn, eller til<br \/>\nb\u00f8rn der snart skal starte i skole.<br \/>\nMed l\u00f8sninger til opgaverne.<\/p>\n","protected":false},"excerpt":{"rendered":"<p>L\u00e6r klokken sammen med mig og mine venner.<br \/>\nDu l\u00e6rer ogs\u00e5 andre m\u00e5der at m\u00e5le tid p\u00e5; tidspunkter<br \/>\np\u00e5 d\u00f8gnet og ugedage samt m\u00e5neder og \u00e5rstider.<br \/>\nDenne bog er perfekt til mindre skoleb\u00f8rn, eller til<br \/>\nb\u00f8rn der snart skal starte i skole.<br \/>\nMed l\u00f8sninger til opgaverne.<\/p>\n","protected":false},"featured_media":0,"template":"","meta":{"content-type":"","_monsterinsights_skip_tracking":false,"_monsterinsights_sitenote_active":false,"_monsterinsights_sitenote_note":"","_monsterinsights_sitenote_category":0},"product_brand":[],"product_cat":[1686],"product_tag":[],"brand":[],"target-group":[],"discontinued":[],"class_list":{"0":"post-344310","1":"product","2":"type-product","3":"status-archive","5":"product_cat-laerings-boeger","7":"first","8":"outofstock","9":"taxable","10":"shipping-taxable","11":"product-type-simple"},"aioseo_notices":[],"_links":{"self":[{"href":"https:\/\/games.tactic.net\/da\/wp-json\/wp\/v2\/product\/344310","targetHints":{"allow":["GET"]}}],"collection":[{"href":"https:\/\/games.tactic.net\/da\/wp-json\/wp\/v2\/product"}],"about":[{"href":"https:\/\/games.tactic.net\/da\/wp-json\/wp\/v2\/types\/product"}],"wp:attachment":[{"href":"https:\/\/games.tactic.net\/da\/wp-json\/wp\/v2\/media?parent=344310"}],"wp:term":[{"taxonomy":"product_brand","embeddable":true,"href":"https:\/\/games.tactic.net\/da\/wp-json\/wp\/v2\/product_brand?post=344310"},{"taxonomy":"product_cat","embeddable":true,"href":"https:\/\/games.tactic.net\/da\/wp-json\/wp\/v2\/product_cat?post=344310"},{"taxonomy":"product_tag","embeddable":true,"href":"https:\/\/games.tactic.net\/da\/wp-json\/wp\/v2\/product_tag?post=344310"},{"taxonomy":"brand","embeddable":true,"href":"https:\/\/games.tactic.net\/da\/wp-json\/wp\/v2\/brand?post=344310"},{"taxonomy":"target-group","embeddable":true,"href":"https:\/\/games.tactic.net\/da\/wp-json\/wp\/v2\/target-group?post=344310"},{"taxonomy":"discontinued","embeddable":true,"href":"https:\/\/games.tactic.net\/da\/wp-json\/wp\/v2\/discontinued?post=344310"}],"curies":[{"name":"wp","href":"https:\/\/api.w.org\/{rel}","templated":true}]}}