{"id":343449,"date":"2022-01-21T12:13:01","date_gmt":"2022-01-21T10:13:01","guid":{"rendered":"https:\/\/games.tactic.net\/tuote\/mine-foerste-labyrinter\/"},"modified":"2024-04-12T09:11:57","modified_gmt":"2024-04-12T06:11:57","slug":"mine-foerste-labyrinter","status":"publish","type":"product","link":"https:\/\/games.tactic.net\/da\/tuote\/mine-foerste-labyrinter\/","title":{"rendered":"Tactic Mine f\u00f8rste labyrinter"},"content":{"rendered":"<p>De enkle labyrinter i denne bog er tilrettelagt s\u00e5 de styrker b\u00f8rns evne til at t\u00e6nke visuelt og styre en blyant, hvilket fremmer h\u00e5nd\/\u00f8je koordinationen. P\u00e5 hver side er der ogs\u00e5 et sp\u00f8rgsm\u00e5l, der skal besvares, hvilket kun g\u00f8r l\u00e6ringen endnu mere sjov. Med mere end 50 opgaver.<\/p>\n","protected":false},"excerpt":{"rendered":"<p>De enkle labyrinter i denne bog er tilrettelagt s\u00e5 de styrker b\u00f8rns evne til at t\u00e6nke visuelt og styre en blyant, hvilket fremmer h\u00e5nd\/\u00f8je koordinationen. P\u00e5 hver side er der ogs\u00e5 et sp\u00f8rgsm\u00e5l, der skal besvares, hvilket kun g\u00f8r l\u00e6ringen endnu mere sjov.<\/p>\n","protected":false},"featured_media":0,"template":"","meta":{"content-type":"","_monsterinsights_skip_tracking":false,"_monsterinsights_sitenote_active":false,"_monsterinsights_sitenote_note":"","_monsterinsights_sitenote_category":0},"product_brand":[],"product_cat":[1685],"product_tag":[],"brand":[],"target-group":[],"discontinued":[],"class_list":{"0":"post-343449","1":"product","2":"type-product","3":"status-publish","5":"product_cat-aktivitetsboeger","7":"first","8":"outofstock","9":"taxable","10":"shipping-taxable","11":"product-type-simple"},"aioseo_notices":[],"_links":{"self":[{"href":"https:\/\/games.tactic.net\/da\/wp-json\/wp\/v2\/product\/343449","targetHints":{"allow":["GET"]}}],"collection":[{"href":"https:\/\/games.tactic.net\/da\/wp-json\/wp\/v2\/product"}],"about":[{"href":"https:\/\/games.tactic.net\/da\/wp-json\/wp\/v2\/types\/product"}],"wp:attachment":[{"href":"https:\/\/games.tactic.net\/da\/wp-json\/wp\/v2\/media?parent=343449"}],"wp:term":[{"taxonomy":"product_brand","embeddable":true,"href":"https:\/\/games.tactic.net\/da\/wp-json\/wp\/v2\/product_brand?post=343449"},{"taxonomy":"product_cat","embeddable":true,"href":"https:\/\/games.tactic.net\/da\/wp-json\/wp\/v2\/product_cat?post=343449"},{"taxonomy":"product_tag","embeddable":true,"href":"https:\/\/games.tactic.net\/da\/wp-json\/wp\/v2\/product_tag?post=343449"},{"taxonomy":"brand","embeddable":true,"href":"https:\/\/games.tactic.net\/da\/wp-json\/wp\/v2\/brand?post=343449"},{"taxonomy":"target-group","embeddable":true,"href":"https:\/\/games.tactic.net\/da\/wp-json\/wp\/v2\/target-group?post=343449"},{"taxonomy":"discontinued","embeddable":true,"href":"https:\/\/games.tactic.net\/da\/wp-json\/wp\/v2\/discontinued?post=343449"}],"curies":[{"name":"wp","href":"https:\/\/api.w.org\/{rel}","templated":true}]}}