{"id":343434,"date":"2022-01-21T12:12:38","date_gmt":"2022-01-21T10:12:38","guid":{"rendered":"https:\/\/games.tactic.net\/tuote\/mine-foerste-prik-til-prik\/"},"modified":"2023-09-27T11:49:19","modified_gmt":"2023-09-27T08:49:19","slug":"mine-foerste-prik-til-prik","status":"publish","type":"product","link":"https:\/\/games.tactic.net\/da\/tuote\/mine-foerste-prik-til-prik\/","title":{"rendered":"Tactic Mine f\u00f8rste prik-til-prik"},"content":{"rendered":"<p>Opgaverne i denne bog er tilrettelagt s\u00e5 de styrker b\u00f8rns evne til at styre en blyant, og derved fremme h\u00e5nd\/\u00f8je koordinationen, s\u00e5 synet samordnes med bev\u00e6gelser i h\u00e5nden. P\u00e5 hver side er der ogs\u00e5 et sp\u00f8rgsm\u00e5l, der skal besvares, hvilket kun g\u00f8r l\u00e6ringen endnu mere sjov.<\/p>\n","protected":false},"excerpt":{"rendered":"<p>Opgaverne i denne bog er tilrettelagt s\u00e5 de styrker b\u00f8rns evne til at styre en blyant, og derved fremme h\u00e5nd\/\u00f8je koordinationen, s\u00e5 synet samordnes med bev\u00e6gelser i h\u00e5nden. P\u00e5 hver side er der ogs\u00e5 et sp\u00f8rgsm\u00e5l, der skal besvares, hvilket kun g\u00f8r l\u00e6ringen endnu mere sjov.<\/p>\n","protected":false},"featured_media":0,"template":"","meta":{"content-type":"","_monsterinsights_skip_tracking":false,"_monsterinsights_sitenote_active":false,"_monsterinsights_sitenote_note":"","_monsterinsights_sitenote_category":0},"product_brand":[],"product_cat":[1685],"product_tag":[],"brand":[],"target-group":[],"discontinued":[],"class_list":{"0":"post-343434","1":"product","2":"type-product","3":"status-publish","5":"product_cat-aktivitetsboeger","7":"first","8":"instock","9":"taxable","10":"shipping-taxable","11":"product-type-simple"},"aioseo_notices":[],"_links":{"self":[{"href":"https:\/\/games.tactic.net\/da\/wp-json\/wp\/v2\/product\/343434","targetHints":{"allow":["GET"]}}],"collection":[{"href":"https:\/\/games.tactic.net\/da\/wp-json\/wp\/v2\/product"}],"about":[{"href":"https:\/\/games.tactic.net\/da\/wp-json\/wp\/v2\/types\/product"}],"wp:attachment":[{"href":"https:\/\/games.tactic.net\/da\/wp-json\/wp\/v2\/media?parent=343434"}],"wp:term":[{"taxonomy":"product_brand","embeddable":true,"href":"https:\/\/games.tactic.net\/da\/wp-json\/wp\/v2\/product_brand?post=343434"},{"taxonomy":"product_cat","embeddable":true,"href":"https:\/\/games.tactic.net\/da\/wp-json\/wp\/v2\/product_cat?post=343434"},{"taxonomy":"product_tag","embeddable":true,"href":"https:\/\/games.tactic.net\/da\/wp-json\/wp\/v2\/product_tag?post=343434"},{"taxonomy":"brand","embeddable":true,"href":"https:\/\/games.tactic.net\/da\/wp-json\/wp\/v2\/brand?post=343434"},{"taxonomy":"target-group","embeddable":true,"href":"https:\/\/games.tactic.net\/da\/wp-json\/wp\/v2\/target-group?post=343434"},{"taxonomy":"discontinued","embeddable":true,"href":"https:\/\/games.tactic.net\/da\/wp-json\/wp\/v2\/discontinued?post=343434"}],"curies":[{"name":"wp","href":"https:\/\/api.w.org\/{rel}","templated":true}]}}