{"id":343402,"date":"2022-01-21T12:12:13","date_gmt":"2022-01-21T10:12:13","guid":{"rendered":"https:\/\/games.tactic.net\/tuote\/soede-kaeledyr-stor-aktivitetsbog\/"},"modified":"2022-01-21T12:12:13","modified_gmt":"2022-01-21T10:12:13","slug":"soede-kaeledyr-stor-aktivitetsbog","status":"publish","type":"product","link":"https:\/\/games.tactic.net\/da\/tuote\/soede-kaeledyr-stor-aktivitetsbog\/","title":{"rendered":"Tactic S\u00f8de k\u00e6ledyr Stor Aktivitetsbog"},"content":{"rendered":"<p>Legesyge hundehvalpe, yndige kattekillinger, bl\u00f8de kaniner&#8230; denne aktivitetsbog p\u00e5 hele 96 sider er fyldt med s\u00f8de dyr! Find dine farver og tuscher frem og hyg dig i timevis med de mange opgaver og malesider.<\/p>\n","protected":false},"excerpt":{"rendered":"<p>Legesyge hundehvalpe, yndige kattekillinger, bl\u00f8de kaniner&#8230; denne aktivitetsbog p\u00e5 hele 96 sider er fyldt med s\u00f8de dyr! Find dine farver og tuscher frem og hyg dig i timevis med de mange opgaver og malesider.<\/p>\n","protected":false},"featured_media":0,"template":"","meta":{"content-type":"","_monsterinsights_skip_tracking":false,"_monsterinsights_sitenote_active":false,"_monsterinsights_sitenote_note":"","_monsterinsights_sitenote_category":0},"product_brand":[],"product_cat":[1685],"product_tag":[],"brand":[],"target-group":[],"discontinued":[],"class_list":{"0":"post-343402","1":"product","2":"type-product","3":"status-publish","5":"product_cat-aktivitetsboeger","7":"first","8":"instock","9":"taxable","10":"shipping-taxable","11":"product-type-simple"},"aioseo_notices":[],"_links":{"self":[{"href":"https:\/\/games.tactic.net\/da\/wp-json\/wp\/v2\/product\/343402","targetHints":{"allow":["GET"]}}],"collection":[{"href":"https:\/\/games.tactic.net\/da\/wp-json\/wp\/v2\/product"}],"about":[{"href":"https:\/\/games.tactic.net\/da\/wp-json\/wp\/v2\/types\/product"}],"wp:attachment":[{"href":"https:\/\/games.tactic.net\/da\/wp-json\/wp\/v2\/media?parent=343402"}],"wp:term":[{"taxonomy":"product_brand","embeddable":true,"href":"https:\/\/games.tactic.net\/da\/wp-json\/wp\/v2\/product_brand?post=343402"},{"taxonomy":"product_cat","embeddable":true,"href":"https:\/\/games.tactic.net\/da\/wp-json\/wp\/v2\/product_cat?post=343402"},{"taxonomy":"product_tag","embeddable":true,"href":"https:\/\/games.tactic.net\/da\/wp-json\/wp\/v2\/product_tag?post=343402"},{"taxonomy":"brand","embeddable":true,"href":"https:\/\/games.tactic.net\/da\/wp-json\/wp\/v2\/brand?post=343402"},{"taxonomy":"target-group","embeddable":true,"href":"https:\/\/games.tactic.net\/da\/wp-json\/wp\/v2\/target-group?post=343402"},{"taxonomy":"discontinued","embeddable":true,"href":"https:\/\/games.tactic.net\/da\/wp-json\/wp\/v2\/discontinued?post=343402"}],"curies":[{"name":"wp","href":"https:\/\/api.w.org\/{rel}","templated":true}]}}