{"id":343318,"date":"2022-01-21T12:11:13","date_gmt":"2022-01-21T10:11:13","guid":{"rendered":"https:\/\/games.tactic.net\/tuote\/skoenne-prinsesser-stor-aktivitetsbog-96-sider\/"},"modified":"2024-04-12T09:14:01","modified_gmt":"2024-04-12T06:14:01","slug":"skoenne-prinsesser-stor-aktivitetsbog-96-sider","status":"archive","type":"product","link":"https:\/\/games.tactic.net\/da\/tuote\/skoenne-prinsesser-stor-aktivitetsbog-96-sider\/","title":{"rendered":"Sk\u00f8nne prinsesser Stor aktivitetsbog 96 sider"},"content":{"rendered":"<p>Storsl\u00e5ede fester, romantiske rideture, smukke blomster, flotte kjoler\u2026 en prinsesses verden er fyldt med sk\u00f8nne ting. Du er p\u00e5 vej ind i en smuk og fortryllende verden. Du vil nyde at l\u00f8se de charmerende opgaver sammen med de smukke prinsesser!<\/p>\n","protected":false},"excerpt":{"rendered":"<p>Storsl\u00e5ede fester, romantiske rideture, smukke blomster, flotte kjoler\u2026 en prinsesses verden er fyldt med sk\u00f8nne ting. Du er p\u00e5 vej ind i en smuk og fortryllende verden. Du vil nyde at l\u00f8se de charmerende opgaver sammen med de smukke prinsesser!<\/p>\n","protected":false},"featured_media":343304,"template":"","meta":{"content-type":"","_monsterinsights_skip_tracking":false,"_monsterinsights_sitenote_active":false,"_monsterinsights_sitenote_note":"","_monsterinsights_sitenote_category":0},"product_brand":[],"product_cat":[1685],"product_tag":[],"brand":[],"target-group":[],"discontinued":[],"class_list":{"0":"post-343318","1":"product","2":"type-product","3":"status-archive","4":"has-post-thumbnail","6":"product_cat-aktivitetsboeger","8":"first","9":"outofstock","10":"taxable","11":"shipping-taxable","12":"product-type-simple"},"aioseo_notices":[],"_links":{"self":[{"href":"https:\/\/games.tactic.net\/da\/wp-json\/wp\/v2\/product\/343318","targetHints":{"allow":["GET"]}}],"collection":[{"href":"https:\/\/games.tactic.net\/da\/wp-json\/wp\/v2\/product"}],"about":[{"href":"https:\/\/games.tactic.net\/da\/wp-json\/wp\/v2\/types\/product"}],"wp:featuredmedia":[{"embeddable":true,"href":"https:\/\/games.tactic.net\/da\/wp-json\/wp\/v2\/media\/343304"}],"wp:attachment":[{"href":"https:\/\/games.tactic.net\/da\/wp-json\/wp\/v2\/media?parent=343318"}],"wp:term":[{"taxonomy":"product_brand","embeddable":true,"href":"https:\/\/games.tactic.net\/da\/wp-json\/wp\/v2\/product_brand?post=343318"},{"taxonomy":"product_cat","embeddable":true,"href":"https:\/\/games.tactic.net\/da\/wp-json\/wp\/v2\/product_cat?post=343318"},{"taxonomy":"product_tag","embeddable":true,"href":"https:\/\/games.tactic.net\/da\/wp-json\/wp\/v2\/product_tag?post=343318"},{"taxonomy":"brand","embeddable":true,"href":"https:\/\/games.tactic.net\/da\/wp-json\/wp\/v2\/brand?post=343318"},{"taxonomy":"target-group","embeddable":true,"href":"https:\/\/games.tactic.net\/da\/wp-json\/wp\/v2\/target-group?post=343318"},{"taxonomy":"discontinued","embeddable":true,"href":"https:\/\/games.tactic.net\/da\/wp-json\/wp\/v2\/discontinued?post=343318"}],"curies":[{"name":"wp","href":"https:\/\/api.w.org\/{rel}","templated":true}]}}